{"id":3349,"date":"2021-07-22T14:55:18","date_gmt":"2021-07-22T18:55:18","guid":{"rendered":"https:\/\/focusgraphite.com\/focus-mission-summary\/"},"modified":"2025-04-26T15:45:37","modified_gmt":"2025-04-26T19:45:37","slug":"mission-et-resume","status":"publish","type":"page","link":"https:\/\/focusgraphite.com\/fr\/mission-et-resume\/","title":{"rendered":"\u00c0 propos de Focus"},"content":{"rendered":"<div class=\"wpb-content-wrapper\"><p>[vc_row gap=\u00a0\u00bb20&Prime;][vc_column width=\u00a0\u00bb1\/2&Prime;][vc_column_text css=\u00a0\u00bb\u00a0\u00bb]<\/p>\n<h2>\u00c0 propos de nous<\/h2>\n<p class=\"\" data-start=\"85\" data-end=\"651\">Focus Graphite Inc. est une entreprise de mat\u00e9riaux avanc\u00e9s qui d\u00e9veloppe des innovations durables en mati\u00e8re d\u2019exploitation mini\u00e8re et de technologies. Au c\u0153ur de nos activit\u00e9s se trouve le gisement de graphite en paillettes de Lac Knife, reconnu pour sa grande puret\u00e9 et sa haute teneur \u2014 id\u00e9al pour les applications militaires, de d\u00e9fense et dans le cadre des r\u00e9volutions en \u00e9nergie verte. Actuellement en cours d\u2019obtention de permis miniers au Canada, Focus Graphite est sur le point de transformer cette ressource en un fournisseur viable de min\u00e9raux critiques.<\/p>\n<p class=\"\" data-start=\"653\" data-end=\"1509\">Nos technologies de traitement exclusives et \u00e9cologiquement durables offrent une approche verte et sans produits chimiques, de la mine jusqu\u2019au march\u00e9. La technologie brevet\u00e9e de graphite sph\u00e9ro\u00efdis\u00e9 enrichi au silicium de la soci\u00e9t\u00e9 vise \u00e0 am\u00e9liorer la performance des batteries. Nous nous sp\u00e9cialisons dans la production de mat\u00e9riaux avanc\u00e9s en graphite de haute puret\u00e9, adapt\u00e9s \u00e0 divers secteurs, notamment les batteries pour v\u00e9hicules \u00e9lectriques, les applications militaires et la fabrication de haute technologie. L\u2019engagement de Focus Graphite va au-del\u00e0 de l\u2019extraction des ressources \u2014 nous recherchons activement des partenariats avec des chefs de file de l\u2019industrie, des \u00e9tablissements universitaires et des organismes gouvernementaux afin d\u2019acc\u00e9l\u00e9rer la commercialisation des mat\u00e9riaux avanc\u00e9s et des technologies issus de notre projet phare.<\/p>\n<p class=\"\" data-start=\"1511\" data-end=\"1696\">Entreprise fi\u00e8rement canadienne, nous sommes d\u00e9termin\u00e9s \u00e0 contribuer \u00e0 la cr\u00e9ation d\u2019une cha\u00eene d\u2019approvisionnement s\u00e9curitaire et durable en min\u00e9raux critiques pour l\u2019Am\u00e9rique du Nord.<\/p>\n<p>[\/vc_column_text][\/vc_column][vc_column width=\u00a0\u00bb1\/2&Prime;][vc_column_text css=\u00a0\u00bb\u00a0\u00bb]<\/p>\n<h2>\u00c9nonc\u00e9 de mission<\/h2>\n<p class=\"\" data-start=\"99\" data-end=\"729\">Chez Focus Graphite, nous nous engageons \u00e0 faire progresser l\u2019innovation dans la r\u00e9volution de l\u2019\u00e9nergie verte en fournissant du graphite naturel en paillettes de haute puret\u00e9 provenant de nos gisements nord-am\u00e9ricains. Gr\u00e2ce \u00e0 l\u2019exploitation mini\u00e8re avanc\u00e9e, au traitement sp\u00e9cialis\u00e9 et au d\u00e9veloppement de mat\u00e9riaux pour batteries brevet\u00e9s, nous assurons la s\u00e9curit\u00e9, la transparence et la durabilit\u00e9 de la cha\u00eene d\u2019approvisionnement, tout en r\u00e9duisant la d\u00e9pendance aux min\u00e9raux critiques \u00e9trangers. Notre cha\u00eene de tra\u00e7abilit\u00e9 compl\u00e8te garantit l\u2019origine \u00e9thique et la gestion responsable des ressources, de la mine au march\u00e9.<\/p>\n<p class=\"\" data-start=\"731\" data-end=\"1411\">Nous utilisons des technologies de traitement \u00e9cologiques et sans produits chimiques afin de minimiser notre empreinte environnementale tout en maximisant la performance. De plus, notre technologie brevet\u00e9e pour anodes de batteries, incluant le graphite sph\u00e9ro\u00efdis\u00e9 enrichi au silicium, am\u00e9liore les solutions de stockage d\u2019\u00e9nergie pour les v\u00e9hicules \u00e9lectriques, les applications de d\u00e9fense et les applications industrielles. En misant sur l\u2019innovation responsable, des partenariats strat\u00e9giques avec l\u2019industrie et le milieu acad\u00e9mique, ainsi que sur la science des mat\u00e9riaux avanc\u00e9s, nous livrons la prochaine g\u00e9n\u00e9ration de solutions \u00e0 base de graphite pour alimenter le futur.<\/p>\n<p>[\/vc_column_text][\/vc_column][\/vc_row][vc_row full_width=\u00a0\u00bbstretch_row\u00a0\u00bb css=\u00a0\u00bb.vc_custom_1626981515164{padding-top: 10px !important;padding-bottom: 10px !important;background-color: #7cbf49 !important;}\u00a0\u00bb][vc_column][vc_column_text css=\u00a0\u00bb\u00a0\u00bb]<\/p>\n<div align=\"center\">\n<p><img loading=\"lazy\" decoding=\"async\" class=\"alignnone size-full wp-image-3328\" src=\"https:\/\/focusgraphite.com\/wp-content\/uploads\/2021\/07\/electric-vehicle.png\" alt=\"EV\" width=\"150\" height=\"109\" \/><\/p>\n<h2 style=\"color: #ffffff;\">Nous sommes pr\u00eats \u00e0 fournir un approvisionnement stable et s\u00e9curitaire en graphite pour soutenir la r\u00e9volution de l\u2019\u00e9nergie propre.<\/h2>\n<\/div>\n<p>[\/vc_column_text][\/vc_column][\/vc_row][vc_row gap=\u00a0\u00bb20&Prime;][vc_column][vc_column_text css=\u00a0\u00bb\u00a0\u00bb]<\/p>\n<h2>Notre histoire<\/h2>\n<p>Focus Graphite Inc., anciennement Focus Metals, a \u00e9t\u00e9 inscrit \u00e0 la bourse de croissance TSX en mai 2010 sous le symbole FMS:V lorsque la compagnie a achet\u00e9 la propri\u00e9t\u00e9 de graphite <a href=\"https:\/\/focusgraphite.com\/fr\/lac-knife\/\">Lac Knife<\/a>, situ\u00e9e pr\u00e8s de la fronti\u00e8re Qu\u00e9bec-Labrador, de la IAMGOLD Corporation. Des tests et des \u00e9chantillons de Lac Knife indiquent que cette propri\u00e9t\u00e9 contient l\u2019une des meilleures qualit\u00e9s de graphite en paillettes au monde.<\/p>\n<p>Alors que le potentiel du graphite et son utilisation pour les technologies d\u2019\u00e9nergie verte continuent de se d\u00e9velopper, Focus a concentr\u00e9 sa strat\u00e9gie d\u2019acquisition sur l\u2019addition des propri\u00e9t\u00e9s de graphite secondaires \u00e0 son projet phare de <a href=\"https:\/\/focusgraphite.com\/fr\/lac-knife\/\">Lac Knife<\/a>. En 2012, Focus a acquis les propri\u00e9t\u00e9s du <a href=\"https:\/\/focusgraphite.com\/fr\/lac-tetepisca\/\">Lac T\u00e9t\u00e9pisca<\/a> et du Lac Guin\u00e9court au Qu\u00e9bec pour de futurs d\u00e9veloppements.<\/p>\n<p>Les propri\u00e9t\u00e9s de Focus Graphite se situent au Qu\u00e9bec, o\u00f9 la juridiction est tr\u00e8s favorable \u00e0 l\u2019exploitation mini\u00e8re, en particulier pour les min\u00e9raux essentiels aux batteries tel que le graphite. Le Gouvernement du Qu\u00e9bec se consid\u00e8re comme un partenaire au d\u00e9veloppement de ces ressources et le vaste pouvoir de la province ainsi que ses infrastructures de transports r\u00e9duisent les co\u00fbts li\u00e9s \u00e0 l\u2019exploitation.<\/p>\n<p>Focus Metals est devenue Focus Graphite en mai 2012, un nom qui refl\u00e8te au mieux son activit\u00e9 principale. En 2014, Focus a charg\u00e9 Met-Chem Canada Inc. (qui fait aujourd\u2019hui partie de DRA Global Americas) d\u2019une <a href=\"https:\/\/focusgraphite.com\/wp-content\/uploads\/2021\/07\/Lac-Knife-Feasibility-Study-Technical-Report-August-2014.pdf\" target=\"_blank\" rel=\"noopener\">\u00e9tude de faisabilit\u00e9 (EF) du projet Lac Knife<\/a>. Les r\u00e9sultats se sont r\u00e9v\u00e9l\u00e9s positifs et ont indiqu\u00e9 un fort retour sur investissement.<\/p>\n<p>Une exploration approfondie ainsi qu\u2019une batterie de tests sur les ann\u00e9es suivantes ont indiqu\u00e9 que le graphite de qualit\u00e9 sup\u00e9rieure qui se trouve \u00e0 Lac Knife est une excellente source pour plusieurs technologies ainsi que des applications d\u2019\u00e9nergie.<\/p>\n<p>Un rapport d\u2019\u00e9valuation des r\u00e9percussions environnementales et sociales de Lac Knife, conduit par IOS Services G\u00e9oscientifiques Inc (IOS) de Saguenay au Qu\u00e9bec est en cours. Focus a aussi charg\u00e9 le cabinet DRA Americas Inc. (DRA) de mettre \u00e0 jour son \u00e9tude de faisabilit\u00e9 pour le projet Lac Knife datant de 2014 et de pr\u00e9parer un nouveau rapport technique conforme \u00e0 la norme canadienne des autorit\u00e9s canadiennes en valeurs mobili\u00e8res 43-101 &#8211; Information concernant les projets miniers.<\/p>\n<p>Aujourd\u2019hui, Focus Graphite est sur le point de fournir des produits de graphite de grande taille, de taille moyenne, de taille fine et tr\u00e8s fine pour l\u2019\u00e9conomie des technologies d\u2019\u00e9nergie propre pendant que le monde adopte des mesures pour r\u00e9duire les \u00e9missions carbones \u2013 l\u2019acteur principal du r\u00e9chauffement climatique.<\/p>\n<p><em>Mise en garde: L\u2019historique technique complet ainsi que les donn\u00e9es de l\u2019entreprise Focus Graphite Inc. sont disponibles sur ce site web et sur le Syst\u00e8me \u00e9lectronique de donn\u00e9es, d\u2019analyse et de recherche ou SEDAR, le site officiel qui fournit un acc\u00e8s \u00e0 la plupart des documents publics et des renseignements d\u00e9pos\u00e9s par les \u00e9metteurs aupr\u00e8s des treize autorit\u00e9s provinciales et territoriales en valeurs mobili\u00e8res (\u00ab Autorit\u00e9s canadiennes en valeurs mobili\u00e8res \u00bb ou \u00ab\u00a0ACVM\u00a0\u00bb) au syst\u00e8me de d\u00e9p\u00f4t SEDAR.<\/em>[\/vc_column_text][\/vc_column][\/vc_row]<\/p>\n<\/div>","protected":false},"excerpt":{"rendered":"<p>[vc_row gap=\u00a0\u00bb20&Prime;][vc_column width=\u00a0\u00bb1\/2&Prime;][vc_column_text css=\u00a0\u00bb\u00a0\u00bb] \u00c0 propos de nous Focus Graphite Inc. est une entreprise de mat\u00e9riaux avanc\u00e9s qui d\u00e9veloppe des innovations durables en mati\u00e8re d\u2019exploitation mini\u00e8re et de technologies. Au c\u0153ur de nos activit\u00e9s se trouve le gisement de graphite en paillettes de Lac Knife, reconnu pour sa grande puret\u00e9 et sa haute teneur \u2014&hellip;<\/p>\n","protected":false},"author":1,"featured_media":0,"parent":0,"menu_order":0,"comment_status":"closed","ping_status":"closed","template":"","meta":{"footnotes":""},"class_list":["post-3349","page","type-page","status-publish","hentry","description-off"],"yoast_head":"<!-- This site is optimized with the Yoast SEO plugin v23.6 - https:\/\/yoast.com\/wordpress\/plugins\/seo\/ -->\n<title>\u00c0 propos de Focus - Focus Graphite Advanced Materials<\/title>\n<meta name=\"description\" content=\"Nous sommes pr\u00eats \u00e0 assurer un approvisionnement de graphite stable et s\u00e9curis\u00e9 pour propulser la r\u00e9volution d\u2019\u00e9nergie propre.\" \/>\n<meta name=\"robots\" content=\"index, follow, max-snippet:-1, max-image-preview:large, max-video-preview:-1\" \/>\n<link rel=\"canonical\" href=\"https:\/\/focusgraphite.com\/fr\/mission-et-resume\/\" \/>\n<meta property=\"og:locale\" content=\"fr_FR\" \/>\n<meta property=\"og:type\" content=\"article\" \/>\n<meta property=\"og:title\" content=\"\u00c0 propos de Focus - Focus Graphite Advanced Materials\" \/>\n<meta property=\"og:description\" content=\"Nous sommes pr\u00eats \u00e0 assurer un approvisionnement de graphite stable et s\u00e9curis\u00e9 pour propulser la r\u00e9volution d\u2019\u00e9nergie propre.\" \/>\n<meta property=\"og:url\" content=\"https:\/\/focusgraphite.com\/fr\/mission-et-resume\/\" \/>\n<meta property=\"og:site_name\" content=\"Focus Graphite Advanced Materials\" \/>\n<meta property=\"article:publisher\" content=\"https:\/\/www.facebook.com\/focusgraphite\" \/>\n<meta property=\"article:modified_time\" content=\"2025-04-26T19:45:37+00:00\" \/>\n<meta property=\"og:image\" content=\"https:\/\/focusgraphite.com\/wp-content\/uploads\/2021\/07\/electric-vehicle.png\" \/>\n\t<meta property=\"og:image:width\" content=\"150\" \/>\n\t<meta property=\"og:image:height\" content=\"109\" \/>\n\t<meta property=\"og:image:type\" content=\"image\/png\" \/>\n<meta name=\"twitter:card\" content=\"summary_large_image\" \/>\n<meta name=\"twitter:site\" content=\"@focusgraphite\" \/>\n<meta name=\"twitter:label1\" content=\"Dur\u00e9e de lecture estim\u00e9e\" \/>\n\t<meta name=\"twitter:data1\" content=\"4 minutes\" \/>\n<script type=\"application\/ld+json\" class=\"yoast-schema-graph\">{\"@context\":\"https:\/\/schema.org\",\"@graph\":[{\"@type\":\"WebPage\",\"@id\":\"https:\/\/focusgraphite.com\/fr\/mission-et-resume\/\",\"url\":\"https:\/\/focusgraphite.com\/fr\/mission-et-resume\/\",\"name\":\"\u00c0 propos de Focus - Focus Graphite Advanced Materials\",\"isPartOf\":{\"@id\":\"https:\/\/focusgraphite.com\/fr\/#website\"},\"primaryImageOfPage\":{\"@id\":\"https:\/\/focusgraphite.com\/fr\/mission-et-resume\/#primaryimage\"},\"image\":{\"@id\":\"https:\/\/focusgraphite.com\/fr\/mission-et-resume\/#primaryimage\"},\"thumbnailUrl\":\"https:\/\/focusgraphite.com\/wp-content\/uploads\/2021\/07\/electric-vehicle.png\",\"datePublished\":\"2021-07-22T18:55:18+00:00\",\"dateModified\":\"2025-04-26T19:45:37+00:00\",\"description\":\"Nous sommes pr\u00eats \u00e0 assurer un approvisionnement de graphite stable et s\u00e9curis\u00e9 pour propulser la r\u00e9volution d\u2019\u00e9nergie propre.\",\"breadcrumb\":{\"@id\":\"https:\/\/focusgraphite.com\/fr\/mission-et-resume\/#breadcrumb\"},\"inLanguage\":\"fr-FR\",\"potentialAction\":[{\"@type\":\"ReadAction\",\"target\":[\"https:\/\/focusgraphite.com\/fr\/mission-et-resume\/\"]}]},{\"@type\":\"ImageObject\",\"inLanguage\":\"fr-FR\",\"@id\":\"https:\/\/focusgraphite.com\/fr\/mission-et-resume\/#primaryimage\",\"url\":\"https:\/\/focusgraphite.com\/wp-content\/uploads\/2021\/07\/electric-vehicle.png\",\"contentUrl\":\"https:\/\/focusgraphite.com\/wp-content\/uploads\/2021\/07\/electric-vehicle.png\"},{\"@type\":\"BreadcrumbList\",\"@id\":\"https:\/\/focusgraphite.com\/fr\/mission-et-resume\/#breadcrumb\",\"itemListElement\":[{\"@type\":\"ListItem\",\"position\":1,\"name\":\"Home\",\"item\":\"https:\/\/focusgraphite.com\/fr\/\"},{\"@type\":\"ListItem\",\"position\":2,\"name\":\"\u00c0 propos de Focus\"}]},{\"@type\":\"WebSite\",\"@id\":\"https:\/\/focusgraphite.com\/fr\/#website\",\"url\":\"https:\/\/focusgraphite.com\/fr\/\",\"name\":\"Focus Graphite\",\"description\":\"The Most Advanced Battery-Grade Graphite Project in North America\",\"publisher\":{\"@id\":\"https:\/\/focusgraphite.com\/fr\/#organization\"},\"potentialAction\":[{\"@type\":\"SearchAction\",\"target\":{\"@type\":\"EntryPoint\",\"urlTemplate\":\"https:\/\/focusgraphite.com\/fr\/?s={search_term_string}\"},\"query-input\":{\"@type\":\"PropertyValueSpecification\",\"valueRequired\":true,\"valueName\":\"search_term_string\"}}],\"inLanguage\":\"fr-FR\"},{\"@type\":\"Organization\",\"@id\":\"https:\/\/focusgraphite.com\/fr\/#organization\",\"name\":\"Focus Graphite\",\"url\":\"https:\/\/focusgraphite.com\/fr\/\",\"logo\":{\"@type\":\"ImageObject\",\"inLanguage\":\"fr-FR\",\"@id\":\"https:\/\/focusgraphite.com\/fr\/#\/schema\/logo\/image\/\",\"url\":\"https:\/\/focusgraphite.com\/wp-content\/uploads\/2021\/07\/Focus-Graphite-Logo-ret.png\",\"contentUrl\":\"https:\/\/focusgraphite.com\/wp-content\/uploads\/2021\/07\/Focus-Graphite-Logo-ret.png\",\"width\":370,\"height\":180,\"caption\":\"Focus Graphite\"},\"image\":{\"@id\":\"https:\/\/focusgraphite.com\/fr\/#\/schema\/logo\/image\/\"},\"sameAs\":[\"https:\/\/www.facebook.com\/focusgraphite\",\"https:\/\/x.com\/focusgraphite\",\"https:\/\/www.linkedin.com\/company\/focus-graphite\/\"]}]}<\/script>\n<!-- \/ Yoast SEO plugin. -->","yoast_head_json":{"title":"\u00c0 propos de Focus - Focus Graphite Advanced Materials","description":"Nous sommes pr\u00eats \u00e0 assurer un approvisionnement de graphite stable et s\u00e9curis\u00e9 pour propulser la r\u00e9volution d\u2019\u00e9nergie propre.","robots":{"index":"index","follow":"follow","max-snippet":"max-snippet:-1","max-image-preview":"max-image-preview:large","max-video-preview":"max-video-preview:-1"},"canonical":"https:\/\/focusgraphite.com\/fr\/mission-et-resume\/","og_locale":"fr_FR","og_type":"article","og_title":"\u00c0 propos de Focus - Focus Graphite Advanced Materials","og_description":"Nous sommes pr\u00eats \u00e0 assurer un approvisionnement de graphite stable et s\u00e9curis\u00e9 pour propulser la r\u00e9volution d\u2019\u00e9nergie propre.","og_url":"https:\/\/focusgraphite.com\/fr\/mission-et-resume\/","og_site_name":"Focus Graphite Advanced Materials","article_publisher":"https:\/\/www.facebook.com\/focusgraphite","article_modified_time":"2025-04-26T19:45:37+00:00","og_image":[{"width":150,"height":109,"url":"https:\/\/focusgraphite.com\/wp-content\/uploads\/2021\/07\/electric-vehicle.png","type":"image\/png"}],"twitter_card":"summary_large_image","twitter_site":"@focusgraphite","twitter_misc":{"Dur\u00e9e de lecture estim\u00e9e":"4 minutes"},"schema":{"@context":"https:\/\/schema.org","@graph":[{"@type":"WebPage","@id":"https:\/\/focusgraphite.com\/fr\/mission-et-resume\/","url":"https:\/\/focusgraphite.com\/fr\/mission-et-resume\/","name":"\u00c0 propos de Focus - Focus Graphite Advanced Materials","isPartOf":{"@id":"https:\/\/focusgraphite.com\/fr\/#website"},"primaryImageOfPage":{"@id":"https:\/\/focusgraphite.com\/fr\/mission-et-resume\/#primaryimage"},"image":{"@id":"https:\/\/focusgraphite.com\/fr\/mission-et-resume\/#primaryimage"},"thumbnailUrl":"https:\/\/focusgraphite.com\/wp-content\/uploads\/2021\/07\/electric-vehicle.png","datePublished":"2021-07-22T18:55:18+00:00","dateModified":"2025-04-26T19:45:37+00:00","description":"Nous sommes pr\u00eats \u00e0 assurer un approvisionnement de graphite stable et s\u00e9curis\u00e9 pour propulser la r\u00e9volution d\u2019\u00e9nergie propre.","breadcrumb":{"@id":"https:\/\/focusgraphite.com\/fr\/mission-et-resume\/#breadcrumb"},"inLanguage":"fr-FR","potentialAction":[{"@type":"ReadAction","target":["https:\/\/focusgraphite.com\/fr\/mission-et-resume\/"]}]},{"@type":"ImageObject","inLanguage":"fr-FR","@id":"https:\/\/focusgraphite.com\/fr\/mission-et-resume\/#primaryimage","url":"https:\/\/focusgraphite.com\/wp-content\/uploads\/2021\/07\/electric-vehicle.png","contentUrl":"https:\/\/focusgraphite.com\/wp-content\/uploads\/2021\/07\/electric-vehicle.png"},{"@type":"BreadcrumbList","@id":"https:\/\/focusgraphite.com\/fr\/mission-et-resume\/#breadcrumb","itemListElement":[{"@type":"ListItem","position":1,"name":"Home","item":"https:\/\/focusgraphite.com\/fr\/"},{"@type":"ListItem","position":2,"name":"\u00c0 propos de Focus"}]},{"@type":"WebSite","@id":"https:\/\/focusgraphite.com\/fr\/#website","url":"https:\/\/focusgraphite.com\/fr\/","name":"Focus Graphite","description":"The Most Advanced Battery-Grade Graphite Project in North America","publisher":{"@id":"https:\/\/focusgraphite.com\/fr\/#organization"},"potentialAction":[{"@type":"SearchAction","target":{"@type":"EntryPoint","urlTemplate":"https:\/\/focusgraphite.com\/fr\/?s={search_term_string}"},"query-input":{"@type":"PropertyValueSpecification","valueRequired":true,"valueName":"search_term_string"}}],"inLanguage":"fr-FR"},{"@type":"Organization","@id":"https:\/\/focusgraphite.com\/fr\/#organization","name":"Focus Graphite","url":"https:\/\/focusgraphite.com\/fr\/","logo":{"@type":"ImageObject","inLanguage":"fr-FR","@id":"https:\/\/focusgraphite.com\/fr\/#\/schema\/logo\/image\/","url":"https:\/\/focusgraphite.com\/wp-content\/uploads\/2021\/07\/Focus-Graphite-Logo-ret.png","contentUrl":"https:\/\/focusgraphite.com\/wp-content\/uploads\/2021\/07\/Focus-Graphite-Logo-ret.png","width":370,"height":180,"caption":"Focus Graphite"},"image":{"@id":"https:\/\/focusgraphite.com\/fr\/#\/schema\/logo\/image\/"},"sameAs":["https:\/\/www.facebook.com\/focusgraphite","https:\/\/x.com\/focusgraphite","https:\/\/www.linkedin.com\/company\/focus-graphite\/"]}]}},"_links":{"self":[{"href":"https:\/\/focusgraphite.com\/fr\/wp-json\/wp\/v2\/pages\/3349","targetHints":{"allow":["GET"]}}],"collection":[{"href":"https:\/\/focusgraphite.com\/fr\/wp-json\/wp\/v2\/pages"}],"about":[{"href":"https:\/\/focusgraphite.com\/fr\/wp-json\/wp\/v2\/types\/page"}],"author":[{"embeddable":true,"href":"https:\/\/focusgraphite.com\/fr\/wp-json\/wp\/v2\/users\/1"}],"replies":[{"embeddable":true,"href":"https:\/\/focusgraphite.com\/fr\/wp-json\/wp\/v2\/comments?post=3349"}],"version-history":[{"count":7,"href":"https:\/\/focusgraphite.com\/fr\/wp-json\/wp\/v2\/pages\/3349\/revisions"}],"predecessor-version":[{"id":5168,"href":"https:\/\/focusgraphite.com\/fr\/wp-json\/wp\/v2\/pages\/3349\/revisions\/5168"}],"wp:attachment":[{"href":"https:\/\/focusgraphite.com\/fr\/wp-json\/wp\/v2\/media?parent=3349"}],"curies":[{"name":"wp","href":"https:\/\/api.w.org\/{rel}","templated":true}]}}