{"id":3358,"date":"2021-07-23T08:34:49","date_gmt":"2021-07-23T12:34:49","guid":{"rendered":"https:\/\/focusgraphite.com\/leadership-and-technical-team\/"},"modified":"2026-04-07T16:19:58","modified_gmt":"2026-04-07T20:19:58","slug":"lequipe-de-direction","status":"publish","type":"page","link":"https:\/\/focusgraphite.com\/fr\/lequipe-de-direction\/","title":{"rendered":"L\u2019\u00e9quipe de direction"},"content":{"rendered":"<div class=\"wpb-content-wrapper\"><p>[vc_row content_placement=\u00a0\u00bbmiddle\u00a0\u00bb][vc_column width=\u00a0\u00bb1\/4&Prime;][vc_column_text css=\u00a0\u00bb\u00a0\u00bb]<img loading=\"lazy\" decoding=\"async\" class=\"alignnone size-medium wp-image-4616\" src=\"https:\/\/focusgraphite.com\/wp-content\/uploads\/2025\/01\/CB1BF345-429D-496A-9526-BBBD7C21271D__Newcrop-226x300.jpg\" alt=\"\" width=\"226\" height=\"300\" srcset=\"https:\/\/focusgraphite.com\/wp-content\/uploads\/2025\/01\/CB1BF345-429D-496A-9526-BBBD7C21271D__Newcrop-226x300.jpg 226w, https:\/\/focusgraphite.com\/wp-content\/uploads\/2025\/01\/CB1BF345-429D-496A-9526-BBBD7C21271D__Newcrop.jpg 692w\" sizes=\"auto, (max-width: 226px) 100vw, 226px\" \/>[\/vc_column_text][\/vc_column][vc_column width=\u00a0\u00bb3\/4&Prime;]<div class=\"standard-arrow bullet-top\"><h3>Dean Hanisch \u2013 Pr\u00e9sident et chef de la direction<\/h3>\n<ul>\n<li>Plus de 30 ans d\u2019exp\u00e9rience \u00e0 accompagner des entreprises priv\u00e9es et publiques dans un large \u00e9ventail de secteurs, \u00e0 toutes les \u00e9tapes de leur croissance, depuis le d\u00e9marrage jusqu\u2019\u00e0 la commercialisation et la mon\u00e9tisation.<\/li>\n<li>\n<p class=\"\" data-start=\"63\" data-end=\"429\">\u00c9laboration de strat\u00e9gies de planification pour pr\u00e9parer et accompagner les entreprises dans le cadre d&rsquo;une vente ou d&rsquo;un d\u00e9sinvestissement.<\/p>\n<\/li>\n<\/ul>\n<\/div>[\/vc_column][\/vc_row][vc_row content_placement=\u00a0\u00bbmiddle\u00a0\u00bb][vc_column width=\u00a0\u00bb1\/4&Prime;][vc_column_text css=\u00a0\u00bb\u00a0\u00bb]<img loading=\"lazy\" decoding=\"async\" class=\"alignnone size-medium wp-image-5374\" src=\"https:\/\/focusgraphite.com\/wp-content\/uploads\/2021\/07\/JasonL-2-199x300.jpg\" alt=\"\" width=\"199\" height=\"300\" srcset=\"https:\/\/focusgraphite.com\/wp-content\/uploads\/2021\/07\/JasonL-2-199x300.jpg 199w, https:\/\/focusgraphite.com\/wp-content\/uploads\/2021\/07\/JasonL-2-768x1156.jpg 768w, https:\/\/focusgraphite.com\/wp-content\/uploads\/2021\/07\/JasonL-2.jpg 797w\" sizes=\"auto, (max-width: 199px) 100vw, 199px\" \/>[\/vc_column_text][\/vc_column][vc_column width=\u00a0\u00bb3\/4&Prime;]<div class=\"standard-arrow bullet-top\"><h3>Jason Latkowcer \u2013 Vice-pr\u00e9sident, D\u00e9veloppement corporatif<\/h3>\n<ul>\n<li data-start=\"0\" data-end=\"154\">\n<p data-start=\"2\" data-end=\"154\">Cadre chevronn\u00e9 comptant plus de 14 ans d\u2019exp\u00e9rience en d\u00e9veloppement corporatif et commercial, en march\u00e9s financiers et en partenariats strat\u00e9giques.<\/p>\n<\/li>\n<li data-start=\"155\" data-end=\"345\">\n<p data-start=\"157\" data-end=\"345\">A facilit\u00e9 de nombreuses transactions et expansions strat\u00e9giques, et a particip\u00e9 directement \u00e0 la lev\u00e9e de dizaines de millions de dollars en financement et en subventions non dilutives.<\/p>\n<\/li>\n<li data-start=\"346\" data-end=\"448\" data-is-last-node=\"\">\n<p data-start=\"348\" data-end=\"448\" data-is-last-node=\"\">Dipl\u00f4m\u00e9 de l\u2019Universit\u00e9 d\u2019Ottawa (B.A.) et de la Quantic School of Business and Technology (EMBA).<\/p>\n<\/li>\n<\/ul>\n<\/div>[\/vc_column][\/vc_row][vc_row][vc_column][vc_separator][\/vc_column][\/vc_row][vc_row content_placement=\u00a0\u00bbmiddle\u00a0\u00bb][vc_column width=\u00a0\u00bb1\/4&Prime;][vc_column_text]<img loading=\"lazy\" decoding=\"async\" class=\"alignnone size-full wp-image-171\" src=\"https:\/\/focusgraphite.com\/wp-content\/uploads\/2021\/07\/Judith-Mazvihwa-Maclean-Focus-Graphite.jpg\" alt=\"Judith Mazvihwa-Maclean\u200b - CFO\" width=\"200\" height=\"295\" \/>[\/vc_column_text][\/vc_column][vc_column width=\u00a0\u00bb3\/4&Prime;]<div class=\"standard-arrow bullet-top\"><h3>Judith Mazvihwa-Maclean\u200b \u2013 Directrice financi\u00e8re<\/h3>\n<ul>\n<li>G\u00e9ologue and comptable comptant plus de 16 ann\u00e9es d\u2019exp\u00e9rience dans le secteur minier et la finance d\u2019entreprise<\/li>\n<li>Vaste exp\u00e9rience en tant que DF dans des entreprises cot\u00e9es en bourse<\/li>\n<li>M.Sc. (G\u00e9ologie), MBA, CMA\u200b, CPA<\/li>\n<\/ul>\n<\/div>[\/vc_column][\/vc_row][vc_row][vc_column][vc_separator][\/vc_column][\/vc_row]<\/p>\n<\/div>","protected":false},"excerpt":{"rendered":"<p>[vc_row content_placement=\u00a0\u00bbmiddle\u00a0\u00bb][vc_column width=\u00a0\u00bb1\/4&Prime;][vc_column_text css=\u00a0\u00bb\u00a0\u00bb][\/vc_column_text][\/vc_column][vc_column width=\u00a0\u00bb3\/4&Prime;][\/vc_column][\/vc_row][vc_row content_placement=\u00a0\u00bbmiddle\u00a0\u00bb][vc_column width=\u00a0\u00bb1\/4&Prime;][vc_column_text css=\u00a0\u00bb\u00a0\u00bb][\/vc_column_text][\/vc_column][vc_column width=\u00a0\u00bb3\/4&Prime;][\/vc_column][\/vc_row][vc_row][vc_column][vc_separator][\/vc_column][\/vc_row][vc_row content_placement=\u00a0\u00bbmiddle\u00a0\u00bb][vc_column width=\u00a0\u00bb1\/4&Prime;][vc_column_text][\/vc_column_text][\/vc_column][vc_column width=\u00a0\u00bb3\/4&Prime;][\/vc_column][\/vc_row][vc_row][vc_column][vc_separator][\/vc_column][\/vc_row]<\/p>\n","protected":false},"author":1,"featured_media":0,"parent":0,"menu_order":0,"comment_status":"closed","ping_status":"closed","template":"","meta":{"footnotes":""},"class_list":["post-3358","page","type-page","status-publish","hentry","description-off"],"yoast_head":"<!-- This site is optimized with the Yoast SEO plugin v23.6 - https:\/\/yoast.com\/wordpress\/plugins\/seo\/ -->\n<title>L\u2019\u00e9quipe de direction - Focus Graphite Advanced Materials<\/title>\n<meta name=\"robots\" content=\"index, follow, max-snippet:-1, max-image-preview:large, max-video-preview:-1\" \/>\n<link rel=\"canonical\" href=\"https:\/\/focusgraphite.com\/fr\/lequipe-de-direction\/\" \/>\n<meta property=\"og:locale\" content=\"fr_FR\" \/>\n<meta property=\"og:type\" content=\"article\" \/>\n<meta property=\"og:title\" content=\"L\u2019\u00e9quipe de direction - Focus Graphite Advanced Materials\" \/>\n<meta property=\"og:description\" content=\"[vc_row content_placement=\u00a0\u00bbmiddle\u00a0\u00bb][vc_column width=\u00a0\u00bb1\/4&Prime;][vc_column_text css=\u00a0\u00bb\u00a0\u00bb][\/vc_column_text][\/vc_column][vc_column width=\u00a0\u00bb3\/4&Prime;][\/vc_column][\/vc_row][vc_row content_placement=\u00a0\u00bbmiddle\u00a0\u00bb][vc_column width=\u00a0\u00bb1\/4&Prime;][vc_column_text css=\u00a0\u00bb\u00a0\u00bb][\/vc_column_text][\/vc_column][vc_column width=\u00a0\u00bb3\/4&Prime;][\/vc_column][\/vc_row][vc_row][vc_column][vc_separator][\/vc_column][\/vc_row][vc_row content_placement=\u00a0\u00bbmiddle\u00a0\u00bb][vc_column width=\u00a0\u00bb1\/4&Prime;][vc_column_text][\/vc_column_text][\/vc_column][vc_column width=\u00a0\u00bb3\/4&Prime;][\/vc_column][\/vc_row][vc_row][vc_column][vc_separator][\/vc_column][\/vc_row]\" \/>\n<meta property=\"og:url\" content=\"https:\/\/focusgraphite.com\/fr\/lequipe-de-direction\/\" \/>\n<meta property=\"og:site_name\" content=\"Focus Graphite Advanced Materials\" \/>\n<meta property=\"article:publisher\" content=\"https:\/\/www.facebook.com\/focusgraphite\" \/>\n<meta property=\"article:modified_time\" content=\"2026-04-07T20:19:58+00:00\" \/>\n<meta property=\"og:image\" content=\"https:\/\/focusgraphite.com\/wp-content\/uploads\/2025\/01\/CB1BF345-429D-496A-9526-BBBD7C21271D__Newcrop.jpg\" \/>\n\t<meta property=\"og:image:width\" content=\"692\" \/>\n\t<meta property=\"og:image:height\" content=\"917\" \/>\n\t<meta property=\"og:image:type\" content=\"image\/jpeg\" \/>\n<meta name=\"twitter:card\" content=\"summary_large_image\" \/>\n<meta name=\"twitter:site\" content=\"@focusgraphite\" \/>\n<meta name=\"twitter:label1\" content=\"Dur\u00e9e de lecture estim\u00e9e\" \/>\n\t<meta name=\"twitter:data1\" content=\"2 minutes\" \/>\n<script type=\"application\/ld+json\" class=\"yoast-schema-graph\">{\"@context\":\"https:\/\/schema.org\",\"@graph\":[{\"@type\":\"WebPage\",\"@id\":\"https:\/\/focusgraphite.com\/fr\/lequipe-de-direction\/\",\"url\":\"https:\/\/focusgraphite.com\/fr\/lequipe-de-direction\/\",\"name\":\"L\u2019\u00e9quipe de direction - Focus Graphite Advanced Materials\",\"isPartOf\":{\"@id\":\"https:\/\/focusgraphite.com\/fr\/#website\"},\"primaryImageOfPage\":{\"@id\":\"https:\/\/focusgraphite.com\/fr\/lequipe-de-direction\/#primaryimage\"},\"image\":{\"@id\":\"https:\/\/focusgraphite.com\/fr\/lequipe-de-direction\/#primaryimage\"},\"thumbnailUrl\":\"https:\/\/focusgraphite.com\/wp-content\/uploads\/2025\/01\/CB1BF345-429D-496A-9526-BBBD7C21271D__Newcrop-226x300.jpg\",\"datePublished\":\"2021-07-23T12:34:49+00:00\",\"dateModified\":\"2026-04-07T20:19:58+00:00\",\"breadcrumb\":{\"@id\":\"https:\/\/focusgraphite.com\/fr\/lequipe-de-direction\/#breadcrumb\"},\"inLanguage\":\"fr-FR\",\"potentialAction\":[{\"@type\":\"ReadAction\",\"target\":[\"https:\/\/focusgraphite.com\/fr\/lequipe-de-direction\/\"]}]},{\"@type\":\"ImageObject\",\"inLanguage\":\"fr-FR\",\"@id\":\"https:\/\/focusgraphite.com\/fr\/lequipe-de-direction\/#primaryimage\",\"url\":\"https:\/\/focusgraphite.com\/wp-content\/uploads\/2025\/01\/CB1BF345-429D-496A-9526-BBBD7C21271D__Newcrop-226x300.jpg\",\"contentUrl\":\"https:\/\/focusgraphite.com\/wp-content\/uploads\/2025\/01\/CB1BF345-429D-496A-9526-BBBD7C21271D__Newcrop-226x300.jpg\"},{\"@type\":\"BreadcrumbList\",\"@id\":\"https:\/\/focusgraphite.com\/fr\/lequipe-de-direction\/#breadcrumb\",\"itemListElement\":[{\"@type\":\"ListItem\",\"position\":1,\"name\":\"Home\",\"item\":\"https:\/\/focusgraphite.com\/fr\/\"},{\"@type\":\"ListItem\",\"position\":2,\"name\":\"L\u2019\u00e9quipe de direction\"}]},{\"@type\":\"WebSite\",\"@id\":\"https:\/\/focusgraphite.com\/fr\/#website\",\"url\":\"https:\/\/focusgraphite.com\/fr\/\",\"name\":\"Focus Graphite\",\"description\":\"The Most Advanced Battery-Grade Graphite Project in North America\",\"publisher\":{\"@id\":\"https:\/\/focusgraphite.com\/fr\/#organization\"},\"potentialAction\":[{\"@type\":\"SearchAction\",\"target\":{\"@type\":\"EntryPoint\",\"urlTemplate\":\"https:\/\/focusgraphite.com\/fr\/?s={search_term_string}\"},\"query-input\":{\"@type\":\"PropertyValueSpecification\",\"valueRequired\":true,\"valueName\":\"search_term_string\"}}],\"inLanguage\":\"fr-FR\"},{\"@type\":\"Organization\",\"@id\":\"https:\/\/focusgraphite.com\/fr\/#organization\",\"name\":\"Focus Graphite\",\"url\":\"https:\/\/focusgraphite.com\/fr\/\",\"logo\":{\"@type\":\"ImageObject\",\"inLanguage\":\"fr-FR\",\"@id\":\"https:\/\/focusgraphite.com\/fr\/#\/schema\/logo\/image\/\",\"url\":\"https:\/\/focusgraphite.com\/wp-content\/uploads\/2021\/07\/Focus-Graphite-Logo-ret.png\",\"contentUrl\":\"https:\/\/focusgraphite.com\/wp-content\/uploads\/2021\/07\/Focus-Graphite-Logo-ret.png\",\"width\":370,\"height\":180,\"caption\":\"Focus Graphite\"},\"image\":{\"@id\":\"https:\/\/focusgraphite.com\/fr\/#\/schema\/logo\/image\/\"},\"sameAs\":[\"https:\/\/www.facebook.com\/focusgraphite\",\"https:\/\/x.com\/focusgraphite\",\"https:\/\/www.linkedin.com\/company\/focus-graphite\/\"]}]}<\/script>\n<!-- \/ Yoast SEO plugin. -->","yoast_head_json":{"title":"L\u2019\u00e9quipe de direction - Focus Graphite Advanced Materials","robots":{"index":"index","follow":"follow","max-snippet":"max-snippet:-1","max-image-preview":"max-image-preview:large","max-video-preview":"max-video-preview:-1"},"canonical":"https:\/\/focusgraphite.com\/fr\/lequipe-de-direction\/","og_locale":"fr_FR","og_type":"article","og_title":"L\u2019\u00e9quipe de direction - Focus Graphite Advanced Materials","og_description":"[vc_row content_placement=\u00a0\u00bbmiddle\u00a0\u00bb][vc_column width=\u00a0\u00bb1\/4&Prime;][vc_column_text css=\u00a0\u00bb\u00a0\u00bb][\/vc_column_text][\/vc_column][vc_column width=\u00a0\u00bb3\/4&Prime;][\/vc_column][\/vc_row][vc_row content_placement=\u00a0\u00bbmiddle\u00a0\u00bb][vc_column width=\u00a0\u00bb1\/4&Prime;][vc_column_text css=\u00a0\u00bb\u00a0\u00bb][\/vc_column_text][\/vc_column][vc_column width=\u00a0\u00bb3\/4&Prime;][\/vc_column][\/vc_row][vc_row][vc_column][vc_separator][\/vc_column][\/vc_row][vc_row content_placement=\u00a0\u00bbmiddle\u00a0\u00bb][vc_column width=\u00a0\u00bb1\/4&Prime;][vc_column_text][\/vc_column_text][\/vc_column][vc_column width=\u00a0\u00bb3\/4&Prime;][\/vc_column][\/vc_row][vc_row][vc_column][vc_separator][\/vc_column][\/vc_row]","og_url":"https:\/\/focusgraphite.com\/fr\/lequipe-de-direction\/","og_site_name":"Focus Graphite Advanced Materials","article_publisher":"https:\/\/www.facebook.com\/focusgraphite","article_modified_time":"2026-04-07T20:19:58+00:00","og_image":[{"width":692,"height":917,"url":"https:\/\/focusgraphite.com\/wp-content\/uploads\/2025\/01\/CB1BF345-429D-496A-9526-BBBD7C21271D__Newcrop.jpg","type":"image\/jpeg"}],"twitter_card":"summary_large_image","twitter_site":"@focusgraphite","twitter_misc":{"Dur\u00e9e de lecture estim\u00e9e":"2 minutes"},"schema":{"@context":"https:\/\/schema.org","@graph":[{"@type":"WebPage","@id":"https:\/\/focusgraphite.com\/fr\/lequipe-de-direction\/","url":"https:\/\/focusgraphite.com\/fr\/lequipe-de-direction\/","name":"L\u2019\u00e9quipe de direction - Focus Graphite Advanced Materials","isPartOf":{"@id":"https:\/\/focusgraphite.com\/fr\/#website"},"primaryImageOfPage":{"@id":"https:\/\/focusgraphite.com\/fr\/lequipe-de-direction\/#primaryimage"},"image":{"@id":"https:\/\/focusgraphite.com\/fr\/lequipe-de-direction\/#primaryimage"},"thumbnailUrl":"https:\/\/focusgraphite.com\/wp-content\/uploads\/2025\/01\/CB1BF345-429D-496A-9526-BBBD7C21271D__Newcrop-226x300.jpg","datePublished":"2021-07-23T12:34:49+00:00","dateModified":"2026-04-07T20:19:58+00:00","breadcrumb":{"@id":"https:\/\/focusgraphite.com\/fr\/lequipe-de-direction\/#breadcrumb"},"inLanguage":"fr-FR","potentialAction":[{"@type":"ReadAction","target":["https:\/\/focusgraphite.com\/fr\/lequipe-de-direction\/"]}]},{"@type":"ImageObject","inLanguage":"fr-FR","@id":"https:\/\/focusgraphite.com\/fr\/lequipe-de-direction\/#primaryimage","url":"https:\/\/focusgraphite.com\/wp-content\/uploads\/2025\/01\/CB1BF345-429D-496A-9526-BBBD7C21271D__Newcrop-226x300.jpg","contentUrl":"https:\/\/focusgraphite.com\/wp-content\/uploads\/2025\/01\/CB1BF345-429D-496A-9526-BBBD7C21271D__Newcrop-226x300.jpg"},{"@type":"BreadcrumbList","@id":"https:\/\/focusgraphite.com\/fr\/lequipe-de-direction\/#breadcrumb","itemListElement":[{"@type":"ListItem","position":1,"name":"Home","item":"https:\/\/focusgraphite.com\/fr\/"},{"@type":"ListItem","position":2,"name":"L\u2019\u00e9quipe de direction"}]},{"@type":"WebSite","@id":"https:\/\/focusgraphite.com\/fr\/#website","url":"https:\/\/focusgraphite.com\/fr\/","name":"Focus Graphite","description":"The Most Advanced Battery-Grade Graphite Project in North America","publisher":{"@id":"https:\/\/focusgraphite.com\/fr\/#organization"},"potentialAction":[{"@type":"SearchAction","target":{"@type":"EntryPoint","urlTemplate":"https:\/\/focusgraphite.com\/fr\/?s={search_term_string}"},"query-input":{"@type":"PropertyValueSpecification","valueRequired":true,"valueName":"search_term_string"}}],"inLanguage":"fr-FR"},{"@type":"Organization","@id":"https:\/\/focusgraphite.com\/fr\/#organization","name":"Focus Graphite","url":"https:\/\/focusgraphite.com\/fr\/","logo":{"@type":"ImageObject","inLanguage":"fr-FR","@id":"https:\/\/focusgraphite.com\/fr\/#\/schema\/logo\/image\/","url":"https:\/\/focusgraphite.com\/wp-content\/uploads\/2021\/07\/Focus-Graphite-Logo-ret.png","contentUrl":"https:\/\/focusgraphite.com\/wp-content\/uploads\/2021\/07\/Focus-Graphite-Logo-ret.png","width":370,"height":180,"caption":"Focus Graphite"},"image":{"@id":"https:\/\/focusgraphite.com\/fr\/#\/schema\/logo\/image\/"},"sameAs":["https:\/\/www.facebook.com\/focusgraphite","https:\/\/x.com\/focusgraphite","https:\/\/www.linkedin.com\/company\/focus-graphite\/"]}]}},"_links":{"self":[{"href":"https:\/\/focusgraphite.com\/fr\/wp-json\/wp\/v2\/pages\/3358","targetHints":{"allow":["GET"]}}],"collection":[{"href":"https:\/\/focusgraphite.com\/fr\/wp-json\/wp\/v2\/pages"}],"about":[{"href":"https:\/\/focusgraphite.com\/fr\/wp-json\/wp\/v2\/types\/page"}],"author":[{"embeddable":true,"href":"https:\/\/focusgraphite.com\/fr\/wp-json\/wp\/v2\/users\/1"}],"replies":[{"embeddable":true,"href":"https:\/\/focusgraphite.com\/fr\/wp-json\/wp\/v2\/comments?post=3358"}],"version-history":[{"count":8,"href":"https:\/\/focusgraphite.com\/fr\/wp-json\/wp\/v2\/pages\/3358\/revisions"}],"predecessor-version":[{"id":5662,"href":"https:\/\/focusgraphite.com\/fr\/wp-json\/wp\/v2\/pages\/3358\/revisions\/5662"}],"wp:attachment":[{"href":"https:\/\/focusgraphite.com\/fr\/wp-json\/wp\/v2\/media?parent=3358"}],"curies":[{"name":"wp","href":"https:\/\/api.w.org\/{rel}","templated":true}]}}