{"id":3362,"date":"2021-07-22T15:29:21","date_gmt":"2021-07-22T19:29:21","guid":{"rendered":"https:\/\/focusgraphite.com\/projects\/"},"modified":"2021-10-22T16:13:45","modified_gmt":"2021-10-22T20:13:45","slug":"projets","status":"publish","type":"page","link":"https:\/\/focusgraphite.com\/fr\/projets\/","title":{"rendered":"Projets"},"content":{"rendered":"<div class=\"wpb-content-wrapper\"><p>[vc_row content_placement=\u00a0\u00bbmiddle\u00a0\u00bb][vc_column width=\u00a0\u00bb1\/2&Prime;][vc_column_text]<\/p>\n<h3>Les propri\u00e9t\u00e9s de graphite de Focus se situent dans la province canadienne du Qu\u00e9bec, qui a une juridiction favorable \u00e0 l\u2019avancement et la facilitation de projets miniers.<\/h3>\n<p>Le Gouvernement du Qu\u00e9bec se consid\u00e8re comme un partenaire dans le d\u00e9veloppement de ces ressources et ses pouvoirs ainsi que ses infrastructures de transport facilitent les co\u00fbts associ\u00e9s au d\u00e9veloppement.<\/p>\n<p>En octobre 2020, le gouvernement du Qu\u00e9bec a d\u00e9voil\u00e9 son plan pour la valorisation des min\u00e9raux critiques et strat\u00e9giques (MCS) 2020-2025. Le plan propose plusieurs d\u00e9marches pour encourager la production des mat\u00e9riaux n\u00e9cessaires pour les \u00e9nergies renouvelables, l\u2019\u00e9lectrification des transports, et les technologies de pointe. Parmi ces d\u00e9marches est un programme d\u2019aide financi\u00e8re \u00e0 des projets d\u2019exploration pour les mat\u00e9riaux critiques et strat\u00e9giques, tel que le graphite. En valorisant les MCS, le Qu\u00e9bec a pour but de cr\u00e9er de la richesse durable et se positionner sur l\u2019\u00e9chiquier \u00e9conomique mondial. [\/vc_column_text][vc_column_text]Plus des deux tiers du graphite disponible utilis\u00e9 pour les batteries provient de la Chine, et il n\u2019y a pas de mines de graphite en production actuelle aux \u00c9tats-Unis. L\u2019Am\u00e9rique du Nord a besoin d\u2019une source fiable de graphite en paillettes larges et Focus Graphite compte \u00eatre cette source.[\/vc_column_text][\/vc_column][vc_column width=\u00a0\u00bb1\/2&Prime;][vc_column_text]<div id=\"image-map-pro-3795\"><\/div>[\/vc_column_text][\/vc_column][\/vc_row]<\/p>\n<\/div>","protected":false},"excerpt":{"rendered":"<p>[vc_row content_placement=\u00a0\u00bbmiddle\u00a0\u00bb][vc_column width=\u00a0\u00bb1\/2&Prime;][vc_column_text] Les propri\u00e9t\u00e9s de graphite de Focus se situent dans la province canadienne du Qu\u00e9bec, qui a une juridiction favorable \u00e0 l\u2019avancement et la facilitation de projets miniers. Le Gouvernement du Qu\u00e9bec se consid\u00e8re comme un partenaire dans le d\u00e9veloppement de ces ressources et ses pouvoirs ainsi que ses infrastructures de transport facilitent&hellip;<\/p>\n","protected":false},"author":1,"featured_media":0,"parent":0,"menu_order":0,"comment_status":"closed","ping_status":"closed","template":"","meta":{"footnotes":""},"class_list":["post-3362","page","type-page","status-publish","hentry","description-off"],"yoast_head":"<!-- This site is optimized with the Yoast SEO plugin v23.6 - https:\/\/yoast.com\/wordpress\/plugins\/seo\/ -->\n<title>Projets miniers de graphite - Focus Graphite Advanced Materials<\/title>\n<meta name=\"description\" content=\"Les propri\u00e9t\u00e9s de graphite de Focus se situent dans la province canadienne du Qu\u00e9bec, qui a une juridiction favorable \u00e0 l\u2019avancement et la facilitation de projets miniers.\" \/>\n<meta name=\"robots\" content=\"index, follow, max-snippet:-1, max-image-preview:large, max-video-preview:-1\" \/>\n<link rel=\"canonical\" href=\"https:\/\/focusgraphite.com\/fr\/projets\/\" \/>\n<meta property=\"og:locale\" content=\"fr_FR\" \/>\n<meta property=\"og:type\" content=\"article\" \/>\n<meta property=\"og:title\" content=\"Projets miniers de graphite - Focus Graphite Advanced Materials\" \/>\n<meta property=\"og:description\" content=\"Les propri\u00e9t\u00e9s de graphite de Focus se situent dans la province canadienne du Qu\u00e9bec, qui a une juridiction favorable \u00e0 l\u2019avancement et la facilitation de projets miniers.\" \/>\n<meta property=\"og:url\" content=\"https:\/\/focusgraphite.com\/fr\/projets\/\" \/>\n<meta property=\"og:site_name\" content=\"Focus Graphite Advanced Materials\" \/>\n<meta property=\"article:publisher\" content=\"https:\/\/www.facebook.com\/focusgraphite\" \/>\n<meta property=\"article:modified_time\" content=\"2021-10-22T20:13:45+00:00\" \/>\n<meta name=\"twitter:card\" content=\"summary_large_image\" \/>\n<meta name=\"twitter:site\" content=\"@focusgraphite\" \/>\n<meta name=\"twitter:label1\" content=\"Dur\u00e9e de lecture estim\u00e9e\" \/>\n\t<meta name=\"twitter:data1\" content=\"1 minute\" \/>\n<script type=\"application\/ld+json\" class=\"yoast-schema-graph\">{\"@context\":\"https:\/\/schema.org\",\"@graph\":[{\"@type\":\"WebPage\",\"@id\":\"https:\/\/focusgraphite.com\/fr\/projets\/\",\"url\":\"https:\/\/focusgraphite.com\/fr\/projets\/\",\"name\":\"Projets miniers de graphite - Focus Graphite Advanced Materials\",\"isPartOf\":{\"@id\":\"https:\/\/focusgraphite.com\/fr\/#website\"},\"datePublished\":\"2021-07-22T19:29:21+00:00\",\"dateModified\":\"2021-10-22T20:13:45+00:00\",\"description\":\"Les propri\u00e9t\u00e9s de graphite de Focus se situent dans la province canadienne du Qu\u00e9bec, qui a une juridiction favorable \u00e0 l\u2019avancement et la facilitation de projets miniers.\",\"breadcrumb\":{\"@id\":\"https:\/\/focusgraphite.com\/fr\/projets\/#breadcrumb\"},\"inLanguage\":\"fr-FR\",\"potentialAction\":[{\"@type\":\"ReadAction\",\"target\":[\"https:\/\/focusgraphite.com\/fr\/projets\/\"]}]},{\"@type\":\"BreadcrumbList\",\"@id\":\"https:\/\/focusgraphite.com\/fr\/projets\/#breadcrumb\",\"itemListElement\":[{\"@type\":\"ListItem\",\"position\":1,\"name\":\"Home\",\"item\":\"https:\/\/focusgraphite.com\/fr\/\"},{\"@type\":\"ListItem\",\"position\":2,\"name\":\"Projets\"}]},{\"@type\":\"WebSite\",\"@id\":\"https:\/\/focusgraphite.com\/fr\/#website\",\"url\":\"https:\/\/focusgraphite.com\/fr\/\",\"name\":\"Focus Graphite\",\"description\":\"The Most Advanced Battery-Grade Graphite Project in North America\",\"publisher\":{\"@id\":\"https:\/\/focusgraphite.com\/fr\/#organization\"},\"potentialAction\":[{\"@type\":\"SearchAction\",\"target\":{\"@type\":\"EntryPoint\",\"urlTemplate\":\"https:\/\/focusgraphite.com\/fr\/?s={search_term_string}\"},\"query-input\":{\"@type\":\"PropertyValueSpecification\",\"valueRequired\":true,\"valueName\":\"search_term_string\"}}],\"inLanguage\":\"fr-FR\"},{\"@type\":\"Organization\",\"@id\":\"https:\/\/focusgraphite.com\/fr\/#organization\",\"name\":\"Focus Graphite\",\"url\":\"https:\/\/focusgraphite.com\/fr\/\",\"logo\":{\"@type\":\"ImageObject\",\"inLanguage\":\"fr-FR\",\"@id\":\"https:\/\/focusgraphite.com\/fr\/#\/schema\/logo\/image\/\",\"url\":\"https:\/\/focusgraphite.com\/wp-content\/uploads\/2021\/07\/Focus-Graphite-Logo-ret.png\",\"contentUrl\":\"https:\/\/focusgraphite.com\/wp-content\/uploads\/2021\/07\/Focus-Graphite-Logo-ret.png\",\"width\":370,\"height\":180,\"caption\":\"Focus Graphite\"},\"image\":{\"@id\":\"https:\/\/focusgraphite.com\/fr\/#\/schema\/logo\/image\/\"},\"sameAs\":[\"https:\/\/www.facebook.com\/focusgraphite\",\"https:\/\/x.com\/focusgraphite\",\"https:\/\/www.linkedin.com\/company\/focus-graphite\/\"]}]}<\/script>\n<!-- \/ Yoast SEO plugin. -->","yoast_head_json":{"title":"Projets miniers de graphite - Focus Graphite Advanced Materials","description":"Les propri\u00e9t\u00e9s de graphite de Focus se situent dans la province canadienne du Qu\u00e9bec, qui a une juridiction favorable \u00e0 l\u2019avancement et la facilitation de projets miniers.","robots":{"index":"index","follow":"follow","max-snippet":"max-snippet:-1","max-image-preview":"max-image-preview:large","max-video-preview":"max-video-preview:-1"},"canonical":"https:\/\/focusgraphite.com\/fr\/projets\/","og_locale":"fr_FR","og_type":"article","og_title":"Projets miniers de graphite - Focus Graphite Advanced Materials","og_description":"Les propri\u00e9t\u00e9s de graphite de Focus se situent dans la province canadienne du Qu\u00e9bec, qui a une juridiction favorable \u00e0 l\u2019avancement et la facilitation de projets miniers.","og_url":"https:\/\/focusgraphite.com\/fr\/projets\/","og_site_name":"Focus Graphite Advanced Materials","article_publisher":"https:\/\/www.facebook.com\/focusgraphite","article_modified_time":"2021-10-22T20:13:45+00:00","twitter_card":"summary_large_image","twitter_site":"@focusgraphite","twitter_misc":{"Dur\u00e9e de lecture estim\u00e9e":"1 minute"},"schema":{"@context":"https:\/\/schema.org","@graph":[{"@type":"WebPage","@id":"https:\/\/focusgraphite.com\/fr\/projets\/","url":"https:\/\/focusgraphite.com\/fr\/projets\/","name":"Projets miniers de graphite - Focus Graphite Advanced Materials","isPartOf":{"@id":"https:\/\/focusgraphite.com\/fr\/#website"},"datePublished":"2021-07-22T19:29:21+00:00","dateModified":"2021-10-22T20:13:45+00:00","description":"Les propri\u00e9t\u00e9s de graphite de Focus se situent dans la province canadienne du Qu\u00e9bec, qui a une juridiction favorable \u00e0 l\u2019avancement et la facilitation de projets miniers.","breadcrumb":{"@id":"https:\/\/focusgraphite.com\/fr\/projets\/#breadcrumb"},"inLanguage":"fr-FR","potentialAction":[{"@type":"ReadAction","target":["https:\/\/focusgraphite.com\/fr\/projets\/"]}]},{"@type":"BreadcrumbList","@id":"https:\/\/focusgraphite.com\/fr\/projets\/#breadcrumb","itemListElement":[{"@type":"ListItem","position":1,"name":"Home","item":"https:\/\/focusgraphite.com\/fr\/"},{"@type":"ListItem","position":2,"name":"Projets"}]},{"@type":"WebSite","@id":"https:\/\/focusgraphite.com\/fr\/#website","url":"https:\/\/focusgraphite.com\/fr\/","name":"Focus Graphite","description":"The Most Advanced Battery-Grade Graphite Project in North America","publisher":{"@id":"https:\/\/focusgraphite.com\/fr\/#organization"},"potentialAction":[{"@type":"SearchAction","target":{"@type":"EntryPoint","urlTemplate":"https:\/\/focusgraphite.com\/fr\/?s={search_term_string}"},"query-input":{"@type":"PropertyValueSpecification","valueRequired":true,"valueName":"search_term_string"}}],"inLanguage":"fr-FR"},{"@type":"Organization","@id":"https:\/\/focusgraphite.com\/fr\/#organization","name":"Focus Graphite","url":"https:\/\/focusgraphite.com\/fr\/","logo":{"@type":"ImageObject","inLanguage":"fr-FR","@id":"https:\/\/focusgraphite.com\/fr\/#\/schema\/logo\/image\/","url":"https:\/\/focusgraphite.com\/wp-content\/uploads\/2021\/07\/Focus-Graphite-Logo-ret.png","contentUrl":"https:\/\/focusgraphite.com\/wp-content\/uploads\/2021\/07\/Focus-Graphite-Logo-ret.png","width":370,"height":180,"caption":"Focus Graphite"},"image":{"@id":"https:\/\/focusgraphite.com\/fr\/#\/schema\/logo\/image\/"},"sameAs":["https:\/\/www.facebook.com\/focusgraphite","https:\/\/x.com\/focusgraphite","https:\/\/www.linkedin.com\/company\/focus-graphite\/"]}]}},"_links":{"self":[{"href":"https:\/\/focusgraphite.com\/fr\/wp-json\/wp\/v2\/pages\/3362","targetHints":{"allow":["GET"]}}],"collection":[{"href":"https:\/\/focusgraphite.com\/fr\/wp-json\/wp\/v2\/pages"}],"about":[{"href":"https:\/\/focusgraphite.com\/fr\/wp-json\/wp\/v2\/types\/page"}],"author":[{"embeddable":true,"href":"https:\/\/focusgraphite.com\/fr\/wp-json\/wp\/v2\/users\/1"}],"replies":[{"embeddable":true,"href":"https:\/\/focusgraphite.com\/fr\/wp-json\/wp\/v2\/comments?post=3362"}],"version-history":[{"count":4,"href":"https:\/\/focusgraphite.com\/fr\/wp-json\/wp\/v2\/pages\/3362\/revisions"}],"predecessor-version":[{"id":3515,"href":"https:\/\/focusgraphite.com\/fr\/wp-json\/wp\/v2\/pages\/3362\/revisions\/3515"}],"wp:attachment":[{"href":"https:\/\/focusgraphite.com\/fr\/wp-json\/wp\/v2\/media?parent=3362"}],"curies":[{"name":"wp","href":"https:\/\/api.w.org\/{rel}","templated":true}]}}