{"id":3388,"date":"2021-07-22T16:59:48","date_gmt":"2021-07-22T20:59:48","guid":{"rendered":"https:\/\/focusgraphite.com\/corporate-information\/"},"modified":"2025-11-06T08:26:28","modified_gmt":"2025-11-06T13:26:28","slug":"information-sur-la-societe","status":"publish","type":"page","link":"https:\/\/focusgraphite.com\/fr\/information-sur-la-societe\/","title":{"rendered":"Information sur la soci\u00e9t\u00e9"},"content":{"rendered":"<div class=\"wpb-content-wrapper\"><p>[vc_row gap=\u00a0\u00bb35&Prime;][vc_column width=\u00a0\u00bb1\/2&Prime; css=\u00a0\u00bb.vc_custom_1636396362767{background-color: #5f5f5f !important;}\u00a0\u00bb][vc_btn title=\u00a0\u00bbTSX.V:FMS | OTCQB: FCSMF | FSE: FKC0&Prime; style=\u00a0\u00bbcustom\u00a0\u00bb custom_background=\u00a0\u00bb#d32633&Prime; custom_text=\u00a0\u00bb#ffffff\u00a0\u00bb size=\u00a0\u00bblg\u00a0\u00bb align=\u00a0\u00bbcenter\u00a0\u00bb css=\u00a0\u00bb.vc_custom_1755573935246{margin-right: 10px !important;}\u00a0\u00bb link=\u00a0\u00bburl:https%3A%2F%2Fmoney.tmx.com%2Fen%2Fquote%2FFMS|target:_blank|\u00a0\u00bb][vc_column_text css=\u00a0\u00bb\u00a0\u00bb]<\/p>\n<table style=\"color: #ffffff;\" cellspacing=\"0\" cellpadding=\"0\">\n<tbody>\n<tr>\n<td><b>Focus Graphite Inc.<\/b><\/td>\n<td><b>Symbol: FMS<\/b><\/td>\n<\/tr>\n<tr>\n<td>Listed Exchange<\/td>\n<td>TSX Venture<\/td>\n<\/tr>\n<tr>\n<td>Market Capitalization<\/td>\n<td>$30.19 M<\/td>\n<\/tr>\n<tr>\n<td>Shares Outstanding (basic)<\/td>\n<td>95,015,332<\/td>\n<\/tr>\n<tr>\n<td>Shares Outstanding (fully diluted)<\/td>\n<td>131,396,658<\/td>\n<\/tr>\n<tr>\n<td>52-week Range<\/td>\n<td>$0.07 &#8211; $0.39<\/td>\n<\/tr>\n<tr>\n<td><em>* As of August 17, 2025<\/em><\/td>\n<td><\/td>\n<\/tr>\n<\/tbody>\n<\/table>\n<p>[\/vc_column_text][\/vc_column][vc_column width=\u00a0\u00bb1\/2&Prime;][vc_column_text css=\u00a0\u00bb\u00a0\u00bb]<\/p>\n<h3 style=\"text-align: center;\">TSX.V:FMS | OTCQB: FCSMF | FSE: FKC0<\/h3>\n<p>[\/vc_column_text][vc_btn title=\u00a0\u00bbCORPORATE PRESENTATION\u00a0\u00bb style=\u00a0\u00bbcustom\u00a0\u00bb custom_background=\u00a0\u00bb#d32633&Prime; custom_text=\u00a0\u00bb#ffffff\u00a0\u00bb align=\u00a0\u00bbcenter\u00a0\u00bb i_icon_fontawesome=\u00a0\u00bbfas fa-file-pdf\u00a0\u00bb css=\u00a0\u00bb.vc_custom_1762435585994{margin-right: 10px !important;}\u00a0\u00bb add_icon=\u00a0\u00bbtrue\u00a0\u00bb link=\u00a0\u00bburl:https%3A%2F%2Ffocusgraphite.com%2Fwp-content%2Fuploads%2F2021%2F07%2FFocus-Graphite_Nov_6.pdf|target:_blank\u00a0\u00bb][vc_column_text css=\u00a0\u00bb\u00a0\u00bb]<\/p>\n<p style=\"text-align: center;\"><strong>For investor inquiries, please contact:<\/strong><\/p>\n<p style=\"text-align: center;\"><strong>Dean Hanisch<\/strong><br \/>\nCEO<br \/>\n<u><\/u><u><\/u>Focus Graphite Inc.<br \/>\n<a href=\"mailto:dhanisch@focusgraphite.com\" target=\"_blank\" rel=\"noopener\">dhanisch@focusgraphite.com<\/a><\/p>\n<p>&nbsp;<\/p>\n<p style=\"text-align: center;\"><strong>Jason Latkowcer<\/strong><br \/>\nVP Corporate Development<br \/>\n<u><\/u><u><\/u>Focus Graphite Inc.<br \/>\n<a href=\"mailto:jlatkowcer@focusgraphite.com\" target=\"_blank\" rel=\"noopener\">jlatkowcer@focusgraphite.com<\/a><\/p>\n<p>&nbsp;<\/p>\n<p style=\"text-align: center;\"><strong>Judith Mazvihwa-Maclean<\/strong><br \/>\n<u><\/u><u><\/u>CFO<br \/>\n<u><\/u><u><\/u>Focus Graphite Inc.<br \/>\n<u><\/u><u><\/u><a href=\"mailto:jmazvihwa@focusgraphite.com\" target=\"_blank\" rel=\"noopener\">jmazvihwa@focusgraphite.com<\/a>[\/vc_column_text][\/vc_column][\/vc_row][vc_row css=\u00a0\u00bb.vc_custom_1634304873074{padding-top: 30px !important;}\u00a0\u00bb][vc_column][vc_column_text]<div id=\"smc-6577803\" class=\"smc-chart-container\"><\/div>\r\n<script>\r\n  (function($) {\r\n    $(document).ready(function() {\r\n      stockMarketChartsPlugin.buildChart(\r\n        'smc-6577803',\r\n        'FMS.V',\r\n        '',\r\n        'max',\r\n        '1d',\r\n        JSON.parse('{\"primaryChartType\":\"smoothedLine\",\"secondaryChartType\":\"column\",\"width\":\"100%\",\"height\":\"500px\",\"marginTop\":0,\"marginBottom\":0,\"marginLeft\":10,\"marginRight\":10,\"primaryPanelTitle\":\"Price\",\"secondaryPanelTitle\":\"Volume\",\"fontSize\":14,\"color\":\"#383838\",\"primaryLineColor\":\"#00842c\",\"primaryLineColorAlpha\":0.15,\"secondaryLineColor\":\"#00842c\",\"secondaryLineColorAlpha\":0.15,\"backgroundColor\":\"#fff\",\"gridColor\":\"#e0e0e0\",\"gridAlpha\":0.8,\"cursorColor\":\"#ba0000\",\"cursorAlpha\":0.8,\"scrollbarBackgroundColor\":\"#e8e8e8\",\"scrollbarSelectedBackgroundColor\":\"#f7f7f7\",\"scrollbarGraphFillColor\":\"#004c19\",\"scrollbarSelectedGraphFillColor\":\"#00aa38\",\"primaryLineThickness\":2,\"secondaryLineThickness\":1,\"gridThickness\":1,\"precision\":2,\"thousandsSeparator\":\",\",\"decimalSeparator\":\".\",\"usePrefixes\":false,\"searchMode\":false,\"mouseWheelZoomEnabled\":false,\"cursorEnabled\":true,\"exportEnabled\":true,\"scrollbarEnabled\":true,\"legendEnabled\":true,\"periods\":\"1W,1M,6M,YTD,1Y,ALL\",\"defaultPeriod\":\"1M\"}')\r\n      );\r\n    });\r\n  })(jQuery);\r\n<\/script>\r\n[\/vc_column_text][\/vc_column][\/vc_row]<\/p>\n<\/div>","protected":false},"excerpt":{"rendered":"<p>[vc_row gap=\u00a0\u00bb35&Prime;][vc_column width=\u00a0\u00bb1\/2&Prime; css=\u00a0\u00bb.vc_custom_1636396362767{background-color: #5f5f5f !important;}\u00a0\u00bb][vc_btn title=\u00a0\u00bbTSX.V:FMS | OTCQB: FCSMF | FSE: FKC0&Prime; style=\u00a0\u00bbcustom\u00a0\u00bb custom_background=\u00a0\u00bb#d32633&Prime; custom_text=\u00a0\u00bb#ffffff\u00a0\u00bb size=\u00a0\u00bblg\u00a0\u00bb align=\u00a0\u00bbcenter\u00a0\u00bb css=\u00a0\u00bb.vc_custom_1755573935246{margin-right: 10px !important;}\u00a0\u00bb link=\u00a0\u00bburl:https%3A%2F%2Fmoney.tmx.com%2Fen%2Fquote%2FFMS|target:_blank|\u00a0\u00bb][vc_column_text css=\u00a0\u00bb\u00a0\u00bb] Focus Graphite Inc. Symbol: FMS Listed Exchange TSX Venture Market Capitalization $30.19 M Shares Outstanding (basic) 95,015,332 Shares Outstanding (fully diluted) 131,396,658 52-week Range $0.07 &#8211; $0.39 * As of August 17,&hellip;<\/p>\n","protected":false},"author":1,"featured_media":0,"parent":0,"menu_order":0,"comment_status":"closed","ping_status":"closed","template":"","meta":{"footnotes":""},"class_list":["post-3388","page","type-page","status-publish","hentry","description-off"],"yoast_head":"<!-- This site is optimized with the Yoast SEO plugin v23.6 - https:\/\/yoast.com\/wordpress\/plugins\/seo\/ -->\n<title>Information sur la soci\u00e9t\u00e9 - Focus Graphite Advanced Materials<\/title>\n<meta name=\"description\" content=\"Focus Graphite Inc., anciennement Focus Metals, est inscrit \u00e0 la bourse de croissance TSX sous la cote FMS\" \/>\n<meta name=\"robots\" content=\"index, follow, max-snippet:-1, max-image-preview:large, max-video-preview:-1\" \/>\n<link rel=\"canonical\" href=\"https:\/\/focusgraphite.com\/fr\/information-sur-la-societe\/\" \/>\n<meta property=\"og:locale\" content=\"fr_FR\" \/>\n<meta property=\"og:type\" content=\"article\" \/>\n<meta property=\"og:title\" content=\"Information sur la soci\u00e9t\u00e9 - Focus Graphite Advanced Materials\" \/>\n<meta property=\"og:description\" content=\"Focus Graphite Inc., anciennement Focus Metals, est inscrit \u00e0 la bourse de croissance TSX sous la cote FMS\" \/>\n<meta property=\"og:url\" content=\"https:\/\/focusgraphite.com\/fr\/information-sur-la-societe\/\" \/>\n<meta property=\"og:site_name\" content=\"Focus Graphite Advanced Materials\" \/>\n<meta property=\"article:publisher\" content=\"https:\/\/www.facebook.com\/focusgraphite\" \/>\n<meta property=\"article:modified_time\" content=\"2025-11-06T13:26:28+00:00\" \/>\n<meta name=\"twitter:card\" content=\"summary_large_image\" \/>\n<meta name=\"twitter:site\" content=\"@focusgraphite\" \/>\n<meta name=\"twitter:label1\" content=\"Dur\u00e9e de lecture estim\u00e9e\" \/>\n\t<meta name=\"twitter:data1\" content=\"1 minute\" \/>\n<script type=\"application\/ld+json\" class=\"yoast-schema-graph\">{\"@context\":\"https:\/\/schema.org\",\"@graph\":[{\"@type\":\"WebPage\",\"@id\":\"https:\/\/focusgraphite.com\/fr\/information-sur-la-societe\/\",\"url\":\"https:\/\/focusgraphite.com\/fr\/information-sur-la-societe\/\",\"name\":\"Information sur la soci\u00e9t\u00e9 - Focus Graphite Advanced Materials\",\"isPartOf\":{\"@id\":\"https:\/\/focusgraphite.com\/fr\/#website\"},\"datePublished\":\"2021-07-22T20:59:48+00:00\",\"dateModified\":\"2025-11-06T13:26:28+00:00\",\"description\":\"Focus Graphite Inc., anciennement Focus Metals, est inscrit \u00e0 la bourse de croissance TSX sous la cote FMS\",\"breadcrumb\":{\"@id\":\"https:\/\/focusgraphite.com\/fr\/information-sur-la-societe\/#breadcrumb\"},\"inLanguage\":\"fr-FR\",\"potentialAction\":[{\"@type\":\"ReadAction\",\"target\":[\"https:\/\/focusgraphite.com\/fr\/information-sur-la-societe\/\"]}]},{\"@type\":\"BreadcrumbList\",\"@id\":\"https:\/\/focusgraphite.com\/fr\/information-sur-la-societe\/#breadcrumb\",\"itemListElement\":[{\"@type\":\"ListItem\",\"position\":1,\"name\":\"Home\",\"item\":\"https:\/\/focusgraphite.com\/fr\/\"},{\"@type\":\"ListItem\",\"position\":2,\"name\":\"Information sur la soci\u00e9t\u00e9\"}]},{\"@type\":\"WebSite\",\"@id\":\"https:\/\/focusgraphite.com\/fr\/#website\",\"url\":\"https:\/\/focusgraphite.com\/fr\/\",\"name\":\"Focus Graphite\",\"description\":\"The Most Advanced Battery-Grade Graphite Project in North America\",\"publisher\":{\"@id\":\"https:\/\/focusgraphite.com\/fr\/#organization\"},\"potentialAction\":[{\"@type\":\"SearchAction\",\"target\":{\"@type\":\"EntryPoint\",\"urlTemplate\":\"https:\/\/focusgraphite.com\/fr\/?s={search_term_string}\"},\"query-input\":{\"@type\":\"PropertyValueSpecification\",\"valueRequired\":true,\"valueName\":\"search_term_string\"}}],\"inLanguage\":\"fr-FR\"},{\"@type\":\"Organization\",\"@id\":\"https:\/\/focusgraphite.com\/fr\/#organization\",\"name\":\"Focus Graphite\",\"url\":\"https:\/\/focusgraphite.com\/fr\/\",\"logo\":{\"@type\":\"ImageObject\",\"inLanguage\":\"fr-FR\",\"@id\":\"https:\/\/focusgraphite.com\/fr\/#\/schema\/logo\/image\/\",\"url\":\"https:\/\/focusgraphite.com\/wp-content\/uploads\/2021\/07\/Focus-Graphite-Logo-ret.png\",\"contentUrl\":\"https:\/\/focusgraphite.com\/wp-content\/uploads\/2021\/07\/Focus-Graphite-Logo-ret.png\",\"width\":370,\"height\":180,\"caption\":\"Focus Graphite\"},\"image\":{\"@id\":\"https:\/\/focusgraphite.com\/fr\/#\/schema\/logo\/image\/\"},\"sameAs\":[\"https:\/\/www.facebook.com\/focusgraphite\",\"https:\/\/x.com\/focusgraphite\",\"https:\/\/www.linkedin.com\/company\/focus-graphite\/\"]}]}<\/script>\n<!-- \/ Yoast SEO plugin. -->","yoast_head_json":{"title":"Information sur la soci\u00e9t\u00e9 - Focus Graphite Advanced Materials","description":"Focus Graphite Inc., anciennement Focus Metals, est inscrit \u00e0 la bourse de croissance TSX sous la cote FMS","robots":{"index":"index","follow":"follow","max-snippet":"max-snippet:-1","max-image-preview":"max-image-preview:large","max-video-preview":"max-video-preview:-1"},"canonical":"https:\/\/focusgraphite.com\/fr\/information-sur-la-societe\/","og_locale":"fr_FR","og_type":"article","og_title":"Information sur la soci\u00e9t\u00e9 - Focus Graphite Advanced Materials","og_description":"Focus Graphite Inc., anciennement Focus Metals, est inscrit \u00e0 la bourse de croissance TSX sous la cote FMS","og_url":"https:\/\/focusgraphite.com\/fr\/information-sur-la-societe\/","og_site_name":"Focus Graphite Advanced Materials","article_publisher":"https:\/\/www.facebook.com\/focusgraphite","article_modified_time":"2025-11-06T13:26:28+00:00","twitter_card":"summary_large_image","twitter_site":"@focusgraphite","twitter_misc":{"Dur\u00e9e de lecture estim\u00e9e":"1 minute"},"schema":{"@context":"https:\/\/schema.org","@graph":[{"@type":"WebPage","@id":"https:\/\/focusgraphite.com\/fr\/information-sur-la-societe\/","url":"https:\/\/focusgraphite.com\/fr\/information-sur-la-societe\/","name":"Information sur la soci\u00e9t\u00e9 - Focus Graphite Advanced Materials","isPartOf":{"@id":"https:\/\/focusgraphite.com\/fr\/#website"},"datePublished":"2021-07-22T20:59:48+00:00","dateModified":"2025-11-06T13:26:28+00:00","description":"Focus Graphite Inc., anciennement Focus Metals, est inscrit \u00e0 la bourse de croissance TSX sous la cote FMS","breadcrumb":{"@id":"https:\/\/focusgraphite.com\/fr\/information-sur-la-societe\/#breadcrumb"},"inLanguage":"fr-FR","potentialAction":[{"@type":"ReadAction","target":["https:\/\/focusgraphite.com\/fr\/information-sur-la-societe\/"]}]},{"@type":"BreadcrumbList","@id":"https:\/\/focusgraphite.com\/fr\/information-sur-la-societe\/#breadcrumb","itemListElement":[{"@type":"ListItem","position":1,"name":"Home","item":"https:\/\/focusgraphite.com\/fr\/"},{"@type":"ListItem","position":2,"name":"Information sur la soci\u00e9t\u00e9"}]},{"@type":"WebSite","@id":"https:\/\/focusgraphite.com\/fr\/#website","url":"https:\/\/focusgraphite.com\/fr\/","name":"Focus Graphite","description":"The Most Advanced Battery-Grade Graphite Project in North America","publisher":{"@id":"https:\/\/focusgraphite.com\/fr\/#organization"},"potentialAction":[{"@type":"SearchAction","target":{"@type":"EntryPoint","urlTemplate":"https:\/\/focusgraphite.com\/fr\/?s={search_term_string}"},"query-input":{"@type":"PropertyValueSpecification","valueRequired":true,"valueName":"search_term_string"}}],"inLanguage":"fr-FR"},{"@type":"Organization","@id":"https:\/\/focusgraphite.com\/fr\/#organization","name":"Focus Graphite","url":"https:\/\/focusgraphite.com\/fr\/","logo":{"@type":"ImageObject","inLanguage":"fr-FR","@id":"https:\/\/focusgraphite.com\/fr\/#\/schema\/logo\/image\/","url":"https:\/\/focusgraphite.com\/wp-content\/uploads\/2021\/07\/Focus-Graphite-Logo-ret.png","contentUrl":"https:\/\/focusgraphite.com\/wp-content\/uploads\/2021\/07\/Focus-Graphite-Logo-ret.png","width":370,"height":180,"caption":"Focus Graphite"},"image":{"@id":"https:\/\/focusgraphite.com\/fr\/#\/schema\/logo\/image\/"},"sameAs":["https:\/\/www.facebook.com\/focusgraphite","https:\/\/x.com\/focusgraphite","https:\/\/www.linkedin.com\/company\/focus-graphite\/"]}]}},"_links":{"self":[{"href":"https:\/\/focusgraphite.com\/fr\/wp-json\/wp\/v2\/pages\/3388","targetHints":{"allow":["GET"]}}],"collection":[{"href":"https:\/\/focusgraphite.com\/fr\/wp-json\/wp\/v2\/pages"}],"about":[{"href":"https:\/\/focusgraphite.com\/fr\/wp-json\/wp\/v2\/types\/page"}],"author":[{"embeddable":true,"href":"https:\/\/focusgraphite.com\/fr\/wp-json\/wp\/v2\/users\/1"}],"replies":[{"embeddable":true,"href":"https:\/\/focusgraphite.com\/fr\/wp-json\/wp\/v2\/comments?post=3388"}],"version-history":[{"count":67,"href":"https:\/\/focusgraphite.com\/fr\/wp-json\/wp\/v2\/pages\/3388\/revisions"}],"predecessor-version":[{"id":5558,"href":"https:\/\/focusgraphite.com\/fr\/wp-json\/wp\/v2\/pages\/3388\/revisions\/5558"}],"wp:attachment":[{"href":"https:\/\/focusgraphite.com\/fr\/wp-json\/wp\/v2\/media?parent=3388"}],"curies":[{"name":"wp","href":"https:\/\/api.w.org\/{rel}","templated":true}]}}