{"id":5171,"date":"2025-04-26T16:00:51","date_gmt":"2025-04-26T20:00:51","guid":{"rendered":"https:\/\/focusgraphite.com\/?page_id=5171"},"modified":"2025-04-26T16:46:18","modified_gmt":"2025-04-26T20:46:18","slug":"notre-technologie","status":"publish","type":"page","link":"https:\/\/focusgraphite.com\/fr\/notre-technologie\/","title":{"rendered":"Notre technologie"},"content":{"rendered":"<div class=\"wpb-content-wrapper\"><p>[vc_row][vc_column][vc_column_text css=\u00a0\u00bb\u00a0\u00bb]<\/p>\n<h2>Technologie de batterie exclusive<\/h2>\n<h3>Sph\u00e9ro\u00efdisation de particules de graph\u00e8ne enrichies au silicium<\/h3>\n<p class=\"\" data-start=\"183\" data-end=\"552\">Le proc\u00e9d\u00e9 exclusif de Focus Graphite Advanced Materials repose sur l\u2019int\u00e9gration de multiples couches de silicium au cours du processus de sph\u00e9ro\u00efdisation. Cette m\u00e9thode permet d\u2019accro\u00eetre de mani\u00e8re substantielle la teneur en silicium, un facteur cl\u00e9 \u00e9tant donn\u00e9 que le silicium offre une capacit\u00e9 de stockage \u00e9nerg\u00e9tique de 7 \u00e0 8 fois sup\u00e9rieure \u00e0 celle du graphite.<\/p>\n<p class=\"\" data-start=\"554\" data-end=\"685\">Cette approche innovante r\u00e9pond directement \u00e0 deux probl\u00e9matiques critiques associ\u00e9es aux mat\u00e9riaux d&rsquo;anodes enrichis au silicium :<\/p>\n<p class=\"\" data-start=\"687\" data-end=\"1098\"><strong data-start=\"687\" data-end=\"732\">Expansion volumique induite par la charge<\/strong> : Les rev\u00eatements classiques en silicium monocouche sont sujets \u00e0 une expansion significative lors des cycles de charge, compromettant ainsi la stabilit\u00e9 structurale. En encapsulant le silicium entre des couches de graphite, la technologie d\u00e9velopp\u00e9e par Focus Graphite Advanced Materials att\u00e9nue ce ph\u00e9nom\u00e8ne et assure une meilleure int\u00e9grit\u00e9 m\u00e9canique de l\u2019anode.<\/p>\n<p class=\"\" data-start=\"1100\" data-end=\"1513\"><strong data-start=\"1100\" data-end=\"1164\">Propagation instable de l\u2019interface solide-\u00e9lectrolyte (SEI)<\/strong> : L&rsquo;interaction du silicium avec l\u2019\u00e9lectrolyte peut entra\u00eener une d\u00e9gradation progressive des performances de la batterie. Gr\u00e2ce aux couches protectrices de graphite, la technologie de Focus Graphite Advanced Materials r\u00e9duit ces r\u00e9actions chimiques, favorisant ainsi une meilleure stabilit\u00e9 de l\u2019interface et une dur\u00e9e de vie accrue des batteries.<\/p>\n<p>[\/vc_column_text][\/vc_column][\/vc_row][vc_row][vc_column][vc_column_text css=\u00a0\u00bb\u00a0\u00bb]<img loading=\"lazy\" decoding=\"async\" class=\"aligncenter wp-image-4961 size-full\" src=\"https:\/\/focusgraphite.com\/wp-content\/uploads\/2025\/02\/focus-power-of-silicon-1.png\" alt=\"\" width=\"1244\" height=\"530\" srcset=\"https:\/\/focusgraphite.com\/wp-content\/uploads\/2025\/02\/focus-power-of-silicon-1.png 1244w, https:\/\/focusgraphite.com\/wp-content\/uploads\/2025\/02\/focus-power-of-silicon-1-300x128.png 300w, https:\/\/focusgraphite.com\/wp-content\/uploads\/2025\/02\/focus-power-of-silicon-1-768x327.png 768w\" sizes=\"auto, (max-width: 1244px) 100vw, 1244px\" \/><\/p>\n<p class=\"\" style=\"text-align: center;\" data-start=\"260\" data-end=\"353\"><em><strong data-start=\"260\" data-end=\"353\">Une technologie d\u2019anode compatible avec tous les graphites, con\u00e7ue pour dominer le march\u00e9.<\/strong><\/em><\/p>\n<p>[\/vc_column_text][vc_separator css=\u00a0\u00bb\u00a0\u00bb][\/vc_column][\/vc_row][vc_row][vc_column][vc_column_text css=\u00a0\u00bb\u00a0\u00bb]<\/p>\n<h2>Processing Technology:<\/h2>\n<h3>Green Anode Processing Technology<\/h3>\n<p><img loading=\"lazy\" decoding=\"async\" class=\"alignleft wp-image-4964 size-full\" src=\"https:\/\/focusgraphite.com\/wp-content\/uploads\/2025\/02\/FerWin-Regean.png\" alt=\"\" width=\"1200\" height=\"366\" srcset=\"https:\/\/focusgraphite.com\/wp-content\/uploads\/2025\/02\/FerWin-Regean.png 1200w, https:\/\/focusgraphite.com\/wp-content\/uploads\/2025\/02\/FerWin-Regean-300x92.png 300w, https:\/\/focusgraphite.com\/wp-content\/uploads\/2025\/02\/FerWin-Regean-768x234.png 768w\" sizes=\"auto, (max-width: 1200px) 100vw, 1200px\" \/><\/p>\n<p>&nbsp;<\/p>\n<p>&nbsp;<\/p>\n<p>&nbsp;<\/p>\n<p>&nbsp;<\/p>\n<h3>Proc\u00e9d\u00e9 de purification \u00e9cologique<\/h3>\n<p class=\"\" data-start=\"167\" data-end=\"381\">La purification thermique \u00e0 haute temp\u00e9rature permet d\u2019\u00e9liminer efficacement les impuret\u00e9s concentr\u00e9es \u00e0 la surface des paillettes de graphite, optimisant ainsi \u00e0 la fois le rendement et la puret\u00e9 du produit final.<\/p>\n<p class=\"\" data-start=\"383\" data-end=\"607\">Cette approche est rendue possible gr\u00e2ce aux caract\u00e9ristiques uniques du gisement de Lac Knife, o\u00f9 les impuret\u00e9s sont majoritairement localis\u00e9es \u00e0 l\u2019ext\u00e9rieur des paillettes, facilitant leur retrait rapide et \u00e9co\u00e9nerg\u00e9tique.<\/p>\n<p class=\"\" data-start=\"609\" data-end=\"738\">Le proc\u00e9d\u00e9 est r\u00e9alis\u00e9 sans recours \u00e0 des produits chimiques nocifs, assurant ainsi un traitement respectueux de l\u2019environnement.<\/p>\n<p class=\"\" data-start=\"740\" data-end=\"916\">Le seul sous-produit g\u00e9n\u00e9r\u00e9 est du gypse, qui est valoris\u00e9 pour des applications dans le secteur de la construction, notamment dans la fabrication de panneaux de cloison s\u00e8che.<\/p>\n<h3>Alignement avec la durabilit\u00e9<\/h3>\n<p>La technologie de traitement \u00e9cologique de Focus Graphite illustre notre leadership en mati\u00e8re de durabilit\u00e9 en r\u00e9duisant l\u2019empreinte environnementale, tout en offrant des mat\u00e9riaux de graphite de qualit\u00e9 sup\u00e9rieure pour les march\u00e9s les plus exigeants.<\/p>\n<p>&nbsp;<\/p>\n<p class=\"\" style=\"text-align: center;\" data-start=\"137\" data-end=\"440\"><em><strong>Focus Graphite est r\u00e9solument engag\u00e9e \u00e0 mettre en \u0153uvre les pratiques mini\u00e8res et de traitement les plus vertes et durables, tout en \u00e9tablissant des partenariats strat\u00e9giques avec les institutions et l\u2019industrie afin de stimuler l\u2019innovation et soutenir la transition vers une \u00e9conomie plus responsable.<\/strong><\/em><\/p>\n<p>[\/vc_column_text][vc_separator border_width=\u00a0\u00bb3&Prime; css=\u00a0\u00bb\u00a0\u00bb][vc_separator css=\u00a0\u00bb\u00a0\u00bb][vc_column_text css=\u00a0\u00bb\u00a0\u00bb]<\/p>\n<h2>Technologie mini\u00e8re :<\/h2>\n<h3 data-start=\"89\" data-end=\"132\"><strong data-start=\"89\" data-end=\"132\">\u00c9tude de caract\u00e9risation des paillettes<\/strong><\/h3>\n<p class=\"\" data-start=\"198\" data-end=\"508\">L\u2019\u00e9tude de caract\u00e9risation des paillettes repose sur l\u2019utilisation de techniques avanc\u00e9es d\u2019imagerie pour analyser la distribution spatiale, la granulom\u00e9trie et la puret\u00e9 des paillettes de graphite directement issues des carottes de forage, et int\u00e9grer ces donn\u00e9es dans le mod\u00e8le g\u00e9ostatistique des ressources.<\/p>\n<p class=\"\" data-start=\"510\" data-end=\"569\">Les principales composantes de l\u2019\u00e9tude sont les suivantes :<\/p>\n<ul>\n<li data-start=\"571\" data-end=\"955\"><strong data-start=\"571\" data-end=\"641\">Imagerie optique haute r\u00e9solution et traitement num\u00e9rique d\u2019images<\/strong> : Les coupes de carottes sont cartographi\u00e9es afin d\u2019\u00e9valuer la distribution in situ des paillettes de graphite de type jumbo, large, moyen et petit, permettant l\u2019int\u00e9gration de la valeur estim\u00e9e des paillettes dans les mod\u00e8les de blocs de ressources pour guider des strat\u00e9gies d\u2019exploitation s\u00e9lective optimis\u00e9es.<\/li>\n<li data-start=\"957\" data-end=\"1434\"><strong data-start=\"957\" data-end=\"989\">Outils analytiques de pointe<\/strong> : La plateforme automatis\u00e9e de microscopie corr\u00e9lative ARTSection, d\u00e9velopp\u00e9e par IOS Services G\u00e9oscientifiques, est utilis\u00e9e pour combiner l\u2019imagerie en polarisation circulaire, le contraste de phase et l\u2019imagerie par \u00e9lectrons r\u00e9trodiffus\u00e9s. La segmentation des images par des algorithmes bas\u00e9s sur l\u2019intelligence artificielle permet l\u2019individualisation des paillettes et la quantification texturale par des analyses de routine \u00e0 faible co\u00fbt.<\/li>\n<li data-start=\"1436\" data-end=\"1755\"><strong data-start=\"1436\" data-end=\"1485\">\u00c9talonnage de la distribution granulom\u00e9trique<\/strong> : Des campagnes de broyage et de tests de valorisation min\u00e9rale sont r\u00e9alis\u00e9es. Les concentr\u00e9s sont soumis \u00e0 une analyse thermogravim\u00e9trique (TGA) pour d\u00e9terminer leur teneur en carbone et leur puret\u00e9, contribuant \u00e0 l\u2019ajustement optimal des proc\u00e9d\u00e9s de traitement aval.<\/li>\n<li data-start=\"1757\" data-end=\"2143\"><strong data-start=\"1757\" data-end=\"1793\">Caract\u00e9risation environnementale<\/strong> : L\u2019\u00e9tude vise \u00e0 identifier la pr\u00e9sence, l\u2019abondance et les textures des min\u00e9raux potentiellement nuisibles \u00e0 l\u2019environnement. Des essais de r\u00e9cup\u00e9ration des sulfures seront effectu\u00e9s. La s\u00e9lection cibl\u00e9e des zones de haute puret\u00e9 vise \u00e0 minimiser la perturbation des lithologies non graphitiques et \u00e0 r\u00e9duire l\u2019empreinte environnementale du projet.<\/li>\n<li data-start=\"2145\" data-end=\"2435\"><strong data-start=\"2145\" data-end=\"2191\">Essais pilotes \u00e0 \u00e9chelle semi-industrielle<\/strong> : Des essais de traitement pr\u00e9liminaires seront entrepris pour valider la faisabilit\u00e9 technique de la production de graphite de haute puret\u00e9 \u00e0 l\u2019\u00e9chelle industrielle, en assurant des rendements \u00e9lev\u00e9s et une efficacit\u00e9 op\u00e9rationnelle optimale.<\/li>\n<\/ul>\n<p>&nbsp;<\/p>\n<p class=\"\" data-start=\"107\" data-end=\"164\"><strong data-start=\"107\" data-end=\"164\">Avantages strat\u00e9giques et environnementaux de l\u2019\u00e9tude<\/strong><\/p>\n<ul>\n<li class=\"\" data-start=\"147\" data-end=\"241\">\n<p class=\"\" data-start=\"149\" data-end=\"241\">Am\u00e9liorer la pr\u00e9cision du mod\u00e8le de blocs, permettant de r\u00e9duire les teneurs de coupure.<\/p>\n<\/li>\n<li class=\"\" data-start=\"242\" data-end=\"385\">\n<p class=\"\" data-start=\"244\" data-end=\"385\">Accro\u00eetre l&rsquo;efficacit\u00e9 de l&rsquo;extraction et du traitement du graphite, r\u00e9duisant ainsi les co\u00fbts op\u00e9rationnels et l&rsquo;impact environnemental.<\/p>\n<\/li>\n<li class=\"\" data-start=\"386\" data-end=\"616\">\n<p class=\"\" data-start=\"388\" data-end=\"616\">Renforcer la position de Focus Graphite Advanced Materials en tant que fournisseur de graphite de haute qualit\u00e9, sp\u00e9cifiquement adapt\u00e9 aux applications de niche telles que le stockage d\u2019\u00e9nergie, l\u2019a\u00e9rospatiale et la d\u00e9fense.<\/p>\n<\/li>\n<li class=\"\" data-start=\"617\" data-end=\"740\">\n<p class=\"\" data-start=\"619\" data-end=\"740\">Soutenir le d\u00e9veloppement durable des ressources et la gestion responsable du graphite en paillettes de haute puret\u00e9.<\/p>\n<\/li>\n<li class=\"\" data-start=\"741\" data-end=\"873\">\n<p class=\"\" data-start=\"743\" data-end=\"873\">D\u00e9montrer l\u2019engagement de la soci\u00e9t\u00e9 envers les avanc\u00e9es technologiques en exploration min\u00e9rale et en traitement des min\u00e9raux.<\/p>\n<\/li>\n<\/ul>\n<p>&nbsp;<\/p>\n<p style=\"text-align: center;\"><em><strong>Focus Graphite: Innover durablement gr\u00e2ce \u00e0 des pratiques mini\u00e8res et de traitement \u00e9cologiques<\/strong><\/em><\/p>\n<p>[\/vc_column_text][\/vc_column][\/vc_row]<\/p>\n<\/div>","protected":false},"excerpt":{"rendered":"<p>[vc_row][vc_column][vc_column_text css=\u00a0\u00bb\u00a0\u00bb] Technologie de batterie exclusive Sph\u00e9ro\u00efdisation de particules de graph\u00e8ne enrichies au silicium Le proc\u00e9d\u00e9 exclusif de Focus Graphite Advanced Materials repose sur l\u2019int\u00e9gration de multiples couches de silicium au cours du processus de sph\u00e9ro\u00efdisation. Cette m\u00e9thode permet d\u2019accro\u00eetre de mani\u00e8re substantielle la teneur en silicium, un facteur cl\u00e9 \u00e9tant donn\u00e9 que le silicium&hellip;<\/p>\n","protected":false},"author":6,"featured_media":0,"parent":0,"menu_order":0,"comment_status":"closed","ping_status":"closed","template":"","meta":{"footnotes":""},"class_list":["post-5171","page","type-page","status-publish","hentry","description-off"],"yoast_head":"<!-- This site is optimized with the Yoast SEO plugin v23.6 - https:\/\/yoast.com\/wordpress\/plugins\/seo\/ -->\n<title>What is Graphite? Notre technologie - Focus Graphite Advanced Materials<\/title>\n<meta name=\"description\" content=\"Graphite is one of the most versatile non-metallic minerals in the world. It has endless potential applications in almost every industry due to its unique and extraordinary qualities\" \/>\n<meta name=\"robots\" content=\"index, follow, max-snippet:-1, max-image-preview:large, max-video-preview:-1\" \/>\n<link rel=\"canonical\" href=\"https:\/\/focusgraphite.com\/fr\/notre-technologie\/\" \/>\n<meta property=\"og:locale\" content=\"fr_FR\" \/>\n<meta property=\"og:type\" content=\"article\" \/>\n<meta property=\"og:title\" content=\"What is Graphite? Notre technologie - Focus Graphite Advanced Materials\" \/>\n<meta property=\"og:description\" content=\"Graphite is one of the most versatile non-metallic minerals in the world. It has endless potential applications in almost every industry due to its unique and extraordinary qualities\" \/>\n<meta property=\"og:url\" content=\"https:\/\/focusgraphite.com\/fr\/notre-technologie\/\" \/>\n<meta property=\"og:site_name\" content=\"Focus Graphite Advanced Materials\" \/>\n<meta property=\"article:publisher\" content=\"https:\/\/www.facebook.com\/focusgraphite\" \/>\n<meta property=\"article:modified_time\" content=\"2025-04-26T20:46:18+00:00\" \/>\n<meta property=\"og:image\" content=\"https:\/\/focusgraphite.com\/wp-content\/uploads\/2025\/02\/focus-power-of-silicon-1.png\" \/>\n\t<meta property=\"og:image:width\" content=\"1244\" \/>\n\t<meta property=\"og:image:height\" content=\"530\" \/>\n\t<meta property=\"og:image:type\" content=\"image\/png\" \/>\n<meta name=\"twitter:card\" content=\"summary_large_image\" \/>\n<meta name=\"twitter:site\" content=\"@focusgraphite\" \/>\n<meta name=\"twitter:label1\" content=\"Dur\u00e9e de lecture estim\u00e9e\" \/>\n\t<meta name=\"twitter:data1\" content=\"5 minutes\" \/>\n<script type=\"application\/ld+json\" class=\"yoast-schema-graph\">{\"@context\":\"https:\/\/schema.org\",\"@graph\":[{\"@type\":\"WebPage\",\"@id\":\"https:\/\/focusgraphite.com\/fr\/notre-technologie\/\",\"url\":\"https:\/\/focusgraphite.com\/fr\/notre-technologie\/\",\"name\":\"What is Graphite? Notre technologie - Focus Graphite Advanced Materials\",\"isPartOf\":{\"@id\":\"https:\/\/focusgraphite.com\/fr\/#website\"},\"primaryImageOfPage\":{\"@id\":\"https:\/\/focusgraphite.com\/fr\/notre-technologie\/#primaryimage\"},\"image\":{\"@id\":\"https:\/\/focusgraphite.com\/fr\/notre-technologie\/#primaryimage\"},\"thumbnailUrl\":\"https:\/\/focusgraphite.com\/wp-content\/uploads\/2025\/02\/focus-power-of-silicon-1.png\",\"datePublished\":\"2025-04-26T20:00:51+00:00\",\"dateModified\":\"2025-04-26T20:46:18+00:00\",\"description\":\"Graphite is one of the most versatile non-metallic minerals in the world. It has endless potential applications in almost every industry due to its unique and extraordinary qualities\",\"breadcrumb\":{\"@id\":\"https:\/\/focusgraphite.com\/fr\/notre-technologie\/#breadcrumb\"},\"inLanguage\":\"fr-FR\",\"potentialAction\":[{\"@type\":\"ReadAction\",\"target\":[\"https:\/\/focusgraphite.com\/fr\/notre-technologie\/\"]}]},{\"@type\":\"ImageObject\",\"inLanguage\":\"fr-FR\",\"@id\":\"https:\/\/focusgraphite.com\/fr\/notre-technologie\/#primaryimage\",\"url\":\"https:\/\/focusgraphite.com\/wp-content\/uploads\/2025\/02\/focus-power-of-silicon-1.png\",\"contentUrl\":\"https:\/\/focusgraphite.com\/wp-content\/uploads\/2025\/02\/focus-power-of-silicon-1.png\"},{\"@type\":\"BreadcrumbList\",\"@id\":\"https:\/\/focusgraphite.com\/fr\/notre-technologie\/#breadcrumb\",\"itemListElement\":[{\"@type\":\"ListItem\",\"position\":1,\"name\":\"Home\",\"item\":\"https:\/\/focusgraphite.com\/fr\/\"},{\"@type\":\"ListItem\",\"position\":2,\"name\":\"Notre technologie\"}]},{\"@type\":\"WebSite\",\"@id\":\"https:\/\/focusgraphite.com\/fr\/#website\",\"url\":\"https:\/\/focusgraphite.com\/fr\/\",\"name\":\"Focus Graphite\",\"description\":\"The Most Advanced Battery-Grade Graphite Project in North America\",\"publisher\":{\"@id\":\"https:\/\/focusgraphite.com\/fr\/#organization\"},\"potentialAction\":[{\"@type\":\"SearchAction\",\"target\":{\"@type\":\"EntryPoint\",\"urlTemplate\":\"https:\/\/focusgraphite.com\/fr\/?s={search_term_string}\"},\"query-input\":{\"@type\":\"PropertyValueSpecification\",\"valueRequired\":true,\"valueName\":\"search_term_string\"}}],\"inLanguage\":\"fr-FR\"},{\"@type\":\"Organization\",\"@id\":\"https:\/\/focusgraphite.com\/fr\/#organization\",\"name\":\"Focus Graphite\",\"url\":\"https:\/\/focusgraphite.com\/fr\/\",\"logo\":{\"@type\":\"ImageObject\",\"inLanguage\":\"fr-FR\",\"@id\":\"https:\/\/focusgraphite.com\/fr\/#\/schema\/logo\/image\/\",\"url\":\"https:\/\/focusgraphite.com\/wp-content\/uploads\/2021\/07\/Focus-Graphite-Logo-ret.png\",\"contentUrl\":\"https:\/\/focusgraphite.com\/wp-content\/uploads\/2021\/07\/Focus-Graphite-Logo-ret.png\",\"width\":370,\"height\":180,\"caption\":\"Focus Graphite\"},\"image\":{\"@id\":\"https:\/\/focusgraphite.com\/fr\/#\/schema\/logo\/image\/\"},\"sameAs\":[\"https:\/\/www.facebook.com\/focusgraphite\",\"https:\/\/x.com\/focusgraphite\",\"https:\/\/www.linkedin.com\/company\/focus-graphite\/\"]}]}<\/script>\n<!-- \/ Yoast SEO plugin. -->","yoast_head_json":{"title":"What is Graphite? Notre technologie - Focus Graphite Advanced Materials","description":"Graphite is one of the most versatile non-metallic minerals in the world. It has endless potential applications in almost every industry due to its unique and extraordinary qualities","robots":{"index":"index","follow":"follow","max-snippet":"max-snippet:-1","max-image-preview":"max-image-preview:large","max-video-preview":"max-video-preview:-1"},"canonical":"https:\/\/focusgraphite.com\/fr\/notre-technologie\/","og_locale":"fr_FR","og_type":"article","og_title":"What is Graphite? Notre technologie - Focus Graphite Advanced Materials","og_description":"Graphite is one of the most versatile non-metallic minerals in the world. It has endless potential applications in almost every industry due to its unique and extraordinary qualities","og_url":"https:\/\/focusgraphite.com\/fr\/notre-technologie\/","og_site_name":"Focus Graphite Advanced Materials","article_publisher":"https:\/\/www.facebook.com\/focusgraphite","article_modified_time":"2025-04-26T20:46:18+00:00","og_image":[{"width":1244,"height":530,"url":"https:\/\/focusgraphite.com\/wp-content\/uploads\/2025\/02\/focus-power-of-silicon-1.png","type":"image\/png"}],"twitter_card":"summary_large_image","twitter_site":"@focusgraphite","twitter_misc":{"Dur\u00e9e de lecture estim\u00e9e":"5 minutes"},"schema":{"@context":"https:\/\/schema.org","@graph":[{"@type":"WebPage","@id":"https:\/\/focusgraphite.com\/fr\/notre-technologie\/","url":"https:\/\/focusgraphite.com\/fr\/notre-technologie\/","name":"What is Graphite? Notre technologie - Focus Graphite Advanced Materials","isPartOf":{"@id":"https:\/\/focusgraphite.com\/fr\/#website"},"primaryImageOfPage":{"@id":"https:\/\/focusgraphite.com\/fr\/notre-technologie\/#primaryimage"},"image":{"@id":"https:\/\/focusgraphite.com\/fr\/notre-technologie\/#primaryimage"},"thumbnailUrl":"https:\/\/focusgraphite.com\/wp-content\/uploads\/2025\/02\/focus-power-of-silicon-1.png","datePublished":"2025-04-26T20:00:51+00:00","dateModified":"2025-04-26T20:46:18+00:00","description":"Graphite is one of the most versatile non-metallic minerals in the world. It has endless potential applications in almost every industry due to its unique and extraordinary qualities","breadcrumb":{"@id":"https:\/\/focusgraphite.com\/fr\/notre-technologie\/#breadcrumb"},"inLanguage":"fr-FR","potentialAction":[{"@type":"ReadAction","target":["https:\/\/focusgraphite.com\/fr\/notre-technologie\/"]}]},{"@type":"ImageObject","inLanguage":"fr-FR","@id":"https:\/\/focusgraphite.com\/fr\/notre-technologie\/#primaryimage","url":"https:\/\/focusgraphite.com\/wp-content\/uploads\/2025\/02\/focus-power-of-silicon-1.png","contentUrl":"https:\/\/focusgraphite.com\/wp-content\/uploads\/2025\/02\/focus-power-of-silicon-1.png"},{"@type":"BreadcrumbList","@id":"https:\/\/focusgraphite.com\/fr\/notre-technologie\/#breadcrumb","itemListElement":[{"@type":"ListItem","position":1,"name":"Home","item":"https:\/\/focusgraphite.com\/fr\/"},{"@type":"ListItem","position":2,"name":"Notre technologie"}]},{"@type":"WebSite","@id":"https:\/\/focusgraphite.com\/fr\/#website","url":"https:\/\/focusgraphite.com\/fr\/","name":"Focus Graphite","description":"The Most Advanced Battery-Grade Graphite Project in North America","publisher":{"@id":"https:\/\/focusgraphite.com\/fr\/#organization"},"potentialAction":[{"@type":"SearchAction","target":{"@type":"EntryPoint","urlTemplate":"https:\/\/focusgraphite.com\/fr\/?s={search_term_string}"},"query-input":{"@type":"PropertyValueSpecification","valueRequired":true,"valueName":"search_term_string"}}],"inLanguage":"fr-FR"},{"@type":"Organization","@id":"https:\/\/focusgraphite.com\/fr\/#organization","name":"Focus Graphite","url":"https:\/\/focusgraphite.com\/fr\/","logo":{"@type":"ImageObject","inLanguage":"fr-FR","@id":"https:\/\/focusgraphite.com\/fr\/#\/schema\/logo\/image\/","url":"https:\/\/focusgraphite.com\/wp-content\/uploads\/2021\/07\/Focus-Graphite-Logo-ret.png","contentUrl":"https:\/\/focusgraphite.com\/wp-content\/uploads\/2021\/07\/Focus-Graphite-Logo-ret.png","width":370,"height":180,"caption":"Focus Graphite"},"image":{"@id":"https:\/\/focusgraphite.com\/fr\/#\/schema\/logo\/image\/"},"sameAs":["https:\/\/www.facebook.com\/focusgraphite","https:\/\/x.com\/focusgraphite","https:\/\/www.linkedin.com\/company\/focus-graphite\/"]}]}},"_links":{"self":[{"href":"https:\/\/focusgraphite.com\/fr\/wp-json\/wp\/v2\/pages\/5171","targetHints":{"allow":["GET"]}}],"collection":[{"href":"https:\/\/focusgraphite.com\/fr\/wp-json\/wp\/v2\/pages"}],"about":[{"href":"https:\/\/focusgraphite.com\/fr\/wp-json\/wp\/v2\/types\/page"}],"author":[{"embeddable":true,"href":"https:\/\/focusgraphite.com\/fr\/wp-json\/wp\/v2\/users\/6"}],"replies":[{"embeddable":true,"href":"https:\/\/focusgraphite.com\/fr\/wp-json\/wp\/v2\/comments?post=5171"}],"version-history":[{"count":6,"href":"https:\/\/focusgraphite.com\/fr\/wp-json\/wp\/v2\/pages\/5171\/revisions"}],"predecessor-version":[{"id":5186,"href":"https:\/\/focusgraphite.com\/fr\/wp-json\/wp\/v2\/pages\/5171\/revisions\/5186"}],"wp:attachment":[{"href":"https:\/\/focusgraphite.com\/fr\/wp-json\/wp\/v2\/media?parent=5171"}],"curies":[{"name":"wp","href":"https:\/\/api.w.org\/{rel}","templated":true}]}}