{"id":5193,"date":"2025-04-28T14:14:26","date_gmt":"2025-04-28T18:14:26","guid":{"rendered":"https:\/\/focusgraphite.com\/?page_id=5193"},"modified":"2025-04-28T14:31:32","modified_gmt":"2025-04-28T18:31:32","slug":"pourquoi-investir-dans-le-graphite","status":"publish","type":"page","link":"https:\/\/focusgraphite.com\/fr\/pourquoi-investir-dans-le-graphite\/","title":{"rendered":"Pourquoi investir dans le graphite?"},"content":{"rendered":"<div class=\"wpb-content-wrapper\"><p>[vc_row][vc_column width=\u00a0\u00bb1\/2&Prime;][vc_column_text css=\u00a0\u00bb\u00a0\u00bb]<\/p>\n<h2>Qu&rsquo;est-ce que le graphite?<\/h2>\n<p class=\"\" data-start=\"114\" data-end=\"339\">Le graphite est l\u2019un des min\u00e9raux non m\u00e9talliques les plus polyvalents au monde. Il offre un potentiel d&rsquo;applications quasi illimit\u00e9 dans presque tous les secteurs industriels gr\u00e2ce \u00e0 ses qualit\u00e9s uniques et exceptionnelles :<\/p>\n<ul data-start=\"341\" data-end=\"762\">\n<li class=\"\" data-start=\"341\" data-end=\"413\">\n<p class=\"\" data-start=\"343\" data-end=\"413\">Le graphite est un excellent conducteur de chaleur et d\u2019\u00e9lectricit\u00e9.<\/p>\n<\/li>\n<li class=\"\" data-start=\"414\" data-end=\"499\">\n<p class=\"\" data-start=\"416\" data-end=\"499\">Il poss\u00e8de la plus grande r\u00e9sistance et rigidit\u00e9 naturelle de tous les mat\u00e9riaux.<\/p>\n<\/li>\n<li class=\"\" data-start=\"500\" data-end=\"582\">\n<p class=\"\" data-start=\"502\" data-end=\"582\">Il conserve sa solidit\u00e9 et sa stabilit\u00e9 \u00e0 des temp\u00e9ratures d\u00e9passant 3 600 \u00b0C.<\/p>\n<\/li>\n<li class=\"\" data-start=\"583\" data-end=\"641\">\n<p class=\"\" data-start=\"585\" data-end=\"641\">C\u2019est l\u2019un des agents de renforcement les plus l\u00e9gers.<\/p>\n<\/li>\n<li class=\"\" data-start=\"642\" data-end=\"682\">\n<p class=\"\" data-start=\"644\" data-end=\"682\">Il agit comme un lubrifiant naturel.<\/p>\n<\/li>\n<li class=\"\" data-start=\"683\" data-end=\"762\">\n<p class=\"\" data-start=\"685\" data-end=\"762\">Il est chimiquement inactif et pr\u00e9sente une grande r\u00e9sistance \u00e0 la corrosion.<\/p>\n<\/li>\n<\/ul>\n<p>[\/vc_column_text][\/vc_column][vc_column width=\u00a0\u00bb1\/2&Prime;][vc_column_text]<img loading=\"lazy\" decoding=\"async\" class=\"alignnone size-full wp-image-136\" src=\"https:\/\/focusgraphite.com\/wp-content\/uploads\/2021\/07\/lac-knife-graphite-ore.jpg\" alt=\"Lac Knife graphite ore\" width=\"1200\" height=\"716\" srcset=\"https:\/\/focusgraphite.com\/wp-content\/uploads\/2021\/07\/lac-knife-graphite-ore.jpg 1200w, https:\/\/focusgraphite.com\/wp-content\/uploads\/2021\/07\/lac-knife-graphite-ore-300x179.jpg 300w, https:\/\/focusgraphite.com\/wp-content\/uploads\/2021\/07\/lac-knife-graphite-ore-768x458.jpg 768w\" sizes=\"auto, (max-width: 1200px) 100vw, 1200px\" \/>[\/vc_column_text][\/vc_column][\/vc_row][vc_row full_width=\u00a0\u00bbstretch_row\u00a0\u00bb content_placement=\u00a0\u00bbmiddle\u00a0\u00bb css=\u00a0\u00bb.vc_custom_1627570613489{padding-top: 30px !important;padding-bottom: 30px !important;background-color: #7dbd50 !important;}\u00a0\u00bb][vc_column width=\u00a0\u00bb2\/3&Prime;][vc_column_text css=\u00a0\u00bb\u00a0\u00bb]<\/p>\n<h2 style=\"color: #ffffff;\">\u00c0 quoi sert le graphite?<\/h2>\n<p style=\"color: #ffffff;\">Le graphite est principalement utilis\u00e9 pour fabriquer les anodes des batteries de v\u00e9hicules \u00e9lectriques (V\u00c9). Essentiel aux c\u00f4t\u00e9s du lithium, du cobalt, du nickel et du mangan\u00e8se, il repr\u00e9sente le mat\u00e9riau le plus abondant dans la composition des batteries. Sa demande conna\u00eet une forte croissance avec l\u2019essor des V\u00c9.<\/p>\n<p>[\/vc_column_text][vc_column_text css=\u00a0\u00bb\u00a0\u00bb]<\/p>\n<p style=\"color: #ffffff;\">Alors que le monde s\u2019oriente de plus en plus vers des sources d\u2019\u00e9nergie durables et renouvelables, et que les co\u00fbts des carburants continuent de grimper, la demande en graphite restera vigoureuse pour les d\u00e9cennies \u00e0 venir. Jusqu\u2019\u00e0 pr\u00e9sent, la Chine dominait l\u2019approvisionnement mondial en graphite, obligeant les producteurs nord-am\u00e9ricains de batteries pour v\u00e9hicules \u00e9lectriques \u00e0 supporter des frais d\u2019importation \u00e9lev\u00e9s et \u00e0 d\u00e9pendre de cha\u00eenes d\u2019approvisionnement vuln\u00e9rables.<\/p>\n<p style=\"color: #ffffff;\">Chez Focus, nous sommes d\u00e9termin\u00e9s \u00e0 transformer cette dynamique. En d\u00e9veloppant nos gisements strat\u00e9giques de graphite au Qu\u00e9bec, nous visons \u00e0 fournir au march\u00e9 nord-am\u00e9ricain une source fiable, s\u00e9curis\u00e9e et commercialement viable de graphite de haute puret\u00e9 \u2014 un \u00e9l\u00e9ment cl\u00e9 pour assurer l\u2019ind\u00e9pendance \u00e9nerg\u00e9tique et soutenir l\u2019essor des technologies vertes.<\/p>\n<p>[\/vc_column_text][\/vc_column][vc_column width=\u00a0\u00bb1\/3&Prime;][vc_column_text]<img loading=\"lazy\" decoding=\"async\" class=\"alignnone size-full wp-image-3280\" src=\"https:\/\/focusgraphite.com\/wp-content\/uploads\/2021\/07\/Battery-Composition-1.jpg\" alt=\"Battery Materials\" width=\"364\" height=\"605\" srcset=\"https:\/\/focusgraphite.com\/wp-content\/uploads\/2021\/07\/Battery-Composition-1.jpg 364w, https:\/\/focusgraphite.com\/wp-content\/uploads\/2021\/07\/Battery-Composition-1-180x300.jpg 180w\" sizes=\"auto, (max-width: 364px) 100vw, 364px\" \/>[\/vc_column_text][\/vc_column][\/vc_row][vc_row][vc_column][vc_column_text css=\u00a0\u00bb\u00a0\u00bb]<\/p>\n<h2>La demande pour le graphite est en pleine croissance<\/h2>\n<p class=\"\" data-start=\"220\" data-end=\"507\">Aujourd\u2019hui, le graphite est consid\u00e9r\u00e9 comme un mat\u00e9riau cl\u00e9 et strat\u00e9gique dans l\u2019\u00e9conomie \u00e9mergente des technologies vertes, notamment dans les domaines du stockage d\u2019\u00e9nergie, des v\u00e9hicules \u00e9lectriques et de l\u2019\u00e9lectronique, allant des t\u00e9l\u00e9phones intelligents aux ordinateurs portables.<\/p>\n<p class=\"\" data-start=\"509\" data-end=\"702\">De nouvelles applications telles que les batteries lithium-ion, les piles \u00e0 combustible et l\u2019\u00e9nergie nucl\u00e9aire pourraient g\u00e9n\u00e9rer une croissance importante et continue de la demande \u00e0 l\u2019avenir.<\/p>\n<p class=\"\" data-start=\"704\" data-end=\"971\">Par exemple, la fabrication des batteries lithium-ion n\u00e9cessite de 20 \u00e0 30 fois plus de graphite que de lithium. Chaque voiture hybride consomme environ 22 livres (10 kg) de graphite, tandis qu&rsquo;un v\u00e9hicule enti\u00e8rement \u00e9lectrique en utilise environ 110 livres (50 kg).<\/p>\n<p class=\"\" data-start=\"973\" data-end=\"1497\">L\u2019utilisation des batteries lithium-ion conna\u00eet une croissance rapide dans l\u2019\u00e9lectronique grand public et se d\u00e9veloppe d\u00e9sormais dans les v\u00e9hicules de consommation, ainsi que dans les camions, les motos, les v\u00e9hicules r\u00e9cr\u00e9atifs, les autobus, les bateaux, ainsi que dans des applications industrielles telles que les chariots \u00e9l\u00e9vateurs, les entrep\u00f4ts automatis\u00e9s, les outils \u00e9lectriques et divers \u00e9quipements. La demande pour le graphite ne cessera de cro\u00eetre avec l\u2019\u00e9lectrification accrue des v\u00e9hicules et autres machines.<\/p>\n<p class=\"\" data-start=\"1499\" data-end=\"1862\">\u00c0 mesure que l\u2019\u00e9conomie des technologies vertes se d\u00e9veloppe, la demande pour le graphite pourrait d\u00e9passer l\u2019offre au cours de la prochaine d\u00e9cennie. En l\u2019absence de mines de graphite actuellement en production aux \u00c9tats-Unis, l\u2019int\u00e9r\u00eat pour le Canada comme source s\u00e9curis\u00e9e de graphite ne cesse d\u2019augmenter depuis quelques ann\u00e9es et devrait continuer \u00e0 cro\u00eetre.<\/p>\n<p>\u00a0[\/vc_column_text][vc_separator css=\u00a0\u00bb\u00a0\u00bb][\/vc_column][\/vc_row][vc_row][vc_column][vc_column_text css=\u00a0\u00bb\u00a0\u00bb]<\/p>\n<h2>Risque d\u2019approvisionnement en graphite pour les forces arm\u00e9es de l\u2019OTAN<\/h2>\n<p>&nbsp;<\/p>\n<p class=\"\" data-start=\"140\" data-end=\"350\">L\u2019OTAN a identifi\u00e9 12 mati\u00e8res premi\u00e8res critiques pour la d\u00e9fense, essentielles \u00e0 la s\u00e9curit\u00e9 des Alli\u00e9s.<br data-start=\"246\" data-end=\"249\" \/>Ces mat\u00e9riaux sont indispensables \u00e0 la fabrication de syst\u00e8mes et d\u2019\u00e9quipements de d\u00e9fense de pointe.<\/p>\n<p>&nbsp;<\/p>\n<p><img loading=\"lazy\" decoding=\"async\" class=\"alignnone wp-image-4944\" src=\"https:\/\/focusgraphite.com\/wp-content\/uploads\/2025\/02\/NATO-IMAGE_FG-300x240.jpg\" alt=\"\" width=\"700\" height=\"559\" srcset=\"https:\/\/focusgraphite.com\/wp-content\/uploads\/2025\/02\/NATO-IMAGE_FG-300x240.jpg 300w, https:\/\/focusgraphite.com\/wp-content\/uploads\/2025\/02\/NATO-IMAGE_FG-768x614.jpg 768w, https:\/\/focusgraphite.com\/wp-content\/uploads\/2025\/02\/NATO-IMAGE_FG.jpg 1200w\" sizes=\"auto, (max-width: 700px) 100vw, 700px\" \/>[\/vc_column_text][vc_separator][\/vc_column][\/vc_row][vc_row][vc_column][vc_column_text css=\u00a0\u00bb\u00a0\u00bb]<\/p>\n<h2>Trois vari\u00e9t\u00e9s de graphite<\/h2>\n<p>Trois types distincts de graphite naturel se forment dans diff\u00e9rents types de gisements. Le graphite en paillettes, qui a \u00e9t\u00e9 d\u00e9couvert sur nos propri\u00e9t\u00e9s de <a href=\"https:\/\/focusgraphite.com\/fr\/lac-knife\/\">Lac Knife<\/a> et de <a href=\"https:\/\/focusgraphite.com\/fr\/lac-tetepisca\/\">Lac T\u00e9t\u00e9pisca<\/a>, est le type adapt\u00e9 \u00e0 l\u2019utilisation dans les batteries pour v\u00e9hicules \u00e9lectriques ainsi que dans d\u2019autres applications li\u00e9es aux technologies \u00e9nerg\u00e9tiques \u00e9mergentes.[\/vc_column_text][\/vc_column][\/vc_row][vc_row][vc_column width=\u00a0\u00bb1\/3&Prime;][vc_column_text css=\u00a0\u00bb\u00a0\u00bb]<img loading=\"lazy\" decoding=\"async\" class=\"alignnone size-full wp-image-141\" src=\"https:\/\/focusgraphite.com\/wp-content\/uploads\/2021\/07\/graphite-natural-flake.jpg\" alt=\"Flake Graphite\" width=\"400\" height=\"268\" srcset=\"https:\/\/focusgraphite.com\/wp-content\/uploads\/2021\/07\/graphite-natural-flake.jpg 400w, https:\/\/focusgraphite.com\/wp-content\/uploads\/2021\/07\/graphite-natural-flake-300x201.jpg 300w, https:\/\/focusgraphite.com\/wp-content\/uploads\/2021\/07\/graphite-natural-flake-120x80.jpg 120w\" sizes=\"auto, (max-width: 400px) 100vw, 400px\" \/><\/p>\n<h3 data-start=\"127\" data-end=\"155\">Graphite en paillettes<\/h3>\n<ul>\n<li class=\"\" data-start=\"156\" data-end=\"192\">\n<p class=\"\" data-start=\"158\" data-end=\"192\">Forme de graphite moins courante<\/p>\n<\/li>\n<li class=\"\" data-start=\"193\" data-end=\"237\">\n<p class=\"\" data-start=\"195\" data-end=\"237\">Teneur en carbone variant de 85 % \u00e0 98 %<\/p>\n<\/li>\n<li class=\"\" data-start=\"238\" data-end=\"304\">\n<p class=\"\" data-start=\"240\" data-end=\"304\">Prix environ quatre fois sup\u00e9rieur \u00e0 celui du graphite amorphe<\/p>\n<\/li>\n<li class=\"\" data-start=\"305\" data-end=\"364\">\n<p class=\"\" data-start=\"307\" data-end=\"364\">Utilis\u00e9 dans de nombreuses applications traditionnelles<\/p>\n<\/li>\n<li class=\"\" data-start=\"365\" data-end=\"465\">\n<p class=\"\" data-start=\"367\" data-end=\"465\">Tr\u00e8s recherch\u00e9 pour les nouvelles applications technologiques, notamment les batteries lithium-ion.<\/p>\n<\/li>\n<\/ul>\n<p>[\/vc_column_text][\/vc_column][vc_column width=\u00a0\u00bb1\/3&Prime;][vc_column_text css=\u00a0\u00bb\u00a0\u00bb]<img loading=\"lazy\" decoding=\"async\" class=\"alignnone size-full wp-image-142\" src=\"https:\/\/focusgraphite.com\/wp-content\/uploads\/2021\/07\/graphite-amorphous-flake.jpg\" alt=\"Amorphous Graphite\" width=\"400\" height=\"268\" srcset=\"https:\/\/focusgraphite.com\/wp-content\/uploads\/2021\/07\/graphite-amorphous-flake.jpg 400w, https:\/\/focusgraphite.com\/wp-content\/uploads\/2021\/07\/graphite-amorphous-flake-300x201.jpg 300w, https:\/\/focusgraphite.com\/wp-content\/uploads\/2021\/07\/graphite-amorphous-flake-120x80.jpg 120w\" sizes=\"auto, (max-width: 400px) 100vw, 400px\" \/><\/p>\n<h3>Graphite amorphe<\/h3>\n<ul>\n<li class=\"\" data-start=\"115\" data-end=\"154\">\n<p class=\"\" data-start=\"117\" data-end=\"154\">Forme de graphite la plus abondante<\/p>\n<\/li>\n<li class=\"\" data-start=\"155\" data-end=\"203\">\n<p class=\"\" data-start=\"157\" data-end=\"203\">Faible teneur en carbone, entre 70 % et 80 %<\/p>\n<\/li>\n<li class=\"\" data-start=\"204\" data-end=\"236\">\n<p class=\"\" data-start=\"206\" data-end=\"236\">Aucune cristallinit\u00e9 visible<\/p>\n<\/li>\n<li class=\"\" data-start=\"237\" data-end=\"287\">\n<p class=\"\" data-start=\"239\" data-end=\"287\">Plus faible puret\u00e9 parmi les types de graphite<\/p>\n<\/li>\n<li class=\"\" data-start=\"288\" data-end=\"344\">\n<p class=\"\" data-start=\"290\" data-end=\"344\">Qualit\u00e9 insuffisante pour la majorit\u00e9 des applications.<\/p>\n<\/li>\n<\/ul>\n<p>[\/vc_column_text][\/vc_column][vc_column width=\u00a0\u00bb1\/3&Prime;][vc_column_text css=\u00a0\u00bb\u00a0\u00bb]<img loading=\"lazy\" decoding=\"async\" class=\"alignnone size-full wp-image-143\" src=\"https:\/\/focusgraphite.com\/wp-content\/uploads\/2021\/07\/graphite-high-crystalline-flake.jpg\" alt=\"High Crystalline Graphite\" width=\"400\" height=\"268\" srcset=\"https:\/\/focusgraphite.com\/wp-content\/uploads\/2021\/07\/graphite-high-crystalline-flake.jpg 400w, https:\/\/focusgraphite.com\/wp-content\/uploads\/2021\/07\/graphite-high-crystalline-flake-300x201.jpg 300w, https:\/\/focusgraphite.com\/wp-content\/uploads\/2021\/07\/graphite-high-crystalline-flake-120x80.jpg 120w\" sizes=\"auto, (max-width: 400px) 100vw, 400px\" \/><\/p>\n<h3 data-start=\"99\" data-end=\"135\">Graphite \u00e0 haute cristallinit\u00e9<\/h3>\n<ul>\n<li class=\"\" data-start=\"136\" data-end=\"174\">\n<p class=\"\" data-start=\"138\" data-end=\"174\">Exclusivement extrait du Sri Lanka<\/p>\n<\/li>\n<li class=\"\" data-start=\"175\" data-end=\"211\">\n<p class=\"\" data-start=\"177\" data-end=\"211\">Teneur en carbone de 90 % \u00e0 99 %<\/p>\n<\/li>\n<li class=\"\" data-start=\"212\" data-end=\"298\">\n<p class=\"\" data-start=\"214\" data-end=\"298\">Sa raret\u00e9 et son co\u00fbt \u00e9lev\u00e9 limitent sa viabilit\u00e9 pour la plupart des applications<\/p>\n<\/li>\n<li class=\"\" data-start=\"299\" data-end=\"389\">\n<p class=\"\" data-start=\"301\" data-end=\"389\">Aussi connu sous les noms de graphite filonien, en amas ou graphite de veine cristalline.<\/p>\n<\/li>\n<\/ul>\n<p>[\/vc_column_text][\/vc_column][\/vc_row]<\/p>\n<\/div>","protected":false},"excerpt":{"rendered":"<p>[vc_row][vc_column width=\u00a0\u00bb1\/2&Prime;][vc_column_text css=\u00a0\u00bb\u00a0\u00bb] Qu&rsquo;est-ce que le graphite? Le graphite est l\u2019un des min\u00e9raux non m\u00e9talliques les plus polyvalents au monde. Il offre un potentiel d&rsquo;applications quasi illimit\u00e9 dans presque tous les secteurs industriels gr\u00e2ce \u00e0 ses qualit\u00e9s uniques et exceptionnelles : Le graphite est un excellent conducteur de chaleur et d\u2019\u00e9lectricit\u00e9. Il poss\u00e8de la plus&hellip;<\/p>\n","protected":false},"author":6,"featured_media":0,"parent":0,"menu_order":0,"comment_status":"closed","ping_status":"closed","template":"","meta":{"footnotes":""},"class_list":["post-5193","page","type-page","status-publish","hentry","description-off"],"yoast_head":"<!-- This site is optimized with the Yoast SEO plugin v23.6 - https:\/\/yoast.com\/wordpress\/plugins\/seo\/ -->\n<title>Pourquoi investir dans le graphite? - Focus Graphite Advanced Materials<\/title>\n<meta name=\"robots\" content=\"index, follow, max-snippet:-1, max-image-preview:large, max-video-preview:-1\" \/>\n<link rel=\"canonical\" href=\"https:\/\/focusgraphite.com\/fr\/pourquoi-investir-dans-le-graphite\/\" \/>\n<meta property=\"og:locale\" content=\"fr_FR\" \/>\n<meta property=\"og:type\" content=\"article\" \/>\n<meta property=\"og:title\" content=\"Pourquoi investir dans le graphite? - Focus Graphite Advanced Materials\" \/>\n<meta property=\"og:description\" content=\"[vc_row][vc_column width=\u00a0\u00bb1\/2&Prime;][vc_column_text css=\u00a0\u00bb\u00a0\u00bb] Qu&rsquo;est-ce que le graphite? Le graphite est l\u2019un des min\u00e9raux non m\u00e9talliques les plus polyvalents au monde. Il offre un potentiel d&rsquo;applications quasi illimit\u00e9 dans presque tous les secteurs industriels gr\u00e2ce \u00e0 ses qualit\u00e9s uniques et exceptionnelles : Le graphite est un excellent conducteur de chaleur et d\u2019\u00e9lectricit\u00e9. Il poss\u00e8de la plus&hellip;\" \/>\n<meta property=\"og:url\" content=\"https:\/\/focusgraphite.com\/fr\/pourquoi-investir-dans-le-graphite\/\" \/>\n<meta property=\"og:site_name\" content=\"Focus Graphite Advanced Materials\" \/>\n<meta property=\"article:publisher\" content=\"https:\/\/www.facebook.com\/focusgraphite\" \/>\n<meta property=\"article:modified_time\" content=\"2025-04-28T18:31:32+00:00\" \/>\n<meta property=\"og:image\" content=\"https:\/\/focusgraphite.com\/wp-content\/uploads\/2021\/07\/lac-knife-graphite-ore.jpg\" \/>\n\t<meta property=\"og:image:width\" content=\"1200\" \/>\n\t<meta property=\"og:image:height\" content=\"716\" \/>\n\t<meta property=\"og:image:type\" content=\"image\/jpeg\" \/>\n<meta name=\"twitter:card\" content=\"summary_large_image\" \/>\n<meta name=\"twitter:site\" content=\"@focusgraphite\" \/>\n<meta name=\"twitter:label1\" content=\"Dur\u00e9e de lecture estim\u00e9e\" \/>\n\t<meta name=\"twitter:data1\" content=\"5 minutes\" \/>\n<script type=\"application\/ld+json\" class=\"yoast-schema-graph\">{\"@context\":\"https:\/\/schema.org\",\"@graph\":[{\"@type\":\"WebPage\",\"@id\":\"https:\/\/focusgraphite.com\/fr\/pourquoi-investir-dans-le-graphite\/\",\"url\":\"https:\/\/focusgraphite.com\/fr\/pourquoi-investir-dans-le-graphite\/\",\"name\":\"Pourquoi investir dans le graphite? - Focus Graphite Advanced Materials\",\"isPartOf\":{\"@id\":\"https:\/\/focusgraphite.com\/fr\/#website\"},\"primaryImageOfPage\":{\"@id\":\"https:\/\/focusgraphite.com\/fr\/pourquoi-investir-dans-le-graphite\/#primaryimage\"},\"image\":{\"@id\":\"https:\/\/focusgraphite.com\/fr\/pourquoi-investir-dans-le-graphite\/#primaryimage\"},\"thumbnailUrl\":\"https:\/\/focusgraphite.com\/wp-content\/uploads\/2021\/07\/lac-knife-graphite-ore.jpg\",\"datePublished\":\"2025-04-28T18:14:26+00:00\",\"dateModified\":\"2025-04-28T18:31:32+00:00\",\"breadcrumb\":{\"@id\":\"https:\/\/focusgraphite.com\/fr\/pourquoi-investir-dans-le-graphite\/#breadcrumb\"},\"inLanguage\":\"fr-FR\",\"potentialAction\":[{\"@type\":\"ReadAction\",\"target\":[\"https:\/\/focusgraphite.com\/fr\/pourquoi-investir-dans-le-graphite\/\"]}]},{\"@type\":\"ImageObject\",\"inLanguage\":\"fr-FR\",\"@id\":\"https:\/\/focusgraphite.com\/fr\/pourquoi-investir-dans-le-graphite\/#primaryimage\",\"url\":\"https:\/\/focusgraphite.com\/wp-content\/uploads\/2021\/07\/lac-knife-graphite-ore.jpg\",\"contentUrl\":\"https:\/\/focusgraphite.com\/wp-content\/uploads\/2021\/07\/lac-knife-graphite-ore.jpg\"},{\"@type\":\"BreadcrumbList\",\"@id\":\"https:\/\/focusgraphite.com\/fr\/pourquoi-investir-dans-le-graphite\/#breadcrumb\",\"itemListElement\":[{\"@type\":\"ListItem\",\"position\":1,\"name\":\"Home\",\"item\":\"https:\/\/focusgraphite.com\/fr\/\"},{\"@type\":\"ListItem\",\"position\":2,\"name\":\"Pourquoi investir dans le graphite?\"}]},{\"@type\":\"WebSite\",\"@id\":\"https:\/\/focusgraphite.com\/fr\/#website\",\"url\":\"https:\/\/focusgraphite.com\/fr\/\",\"name\":\"Focus Graphite\",\"description\":\"The Most Advanced Battery-Grade Graphite Project in North America\",\"publisher\":{\"@id\":\"https:\/\/focusgraphite.com\/fr\/#organization\"},\"potentialAction\":[{\"@type\":\"SearchAction\",\"target\":{\"@type\":\"EntryPoint\",\"urlTemplate\":\"https:\/\/focusgraphite.com\/fr\/?s={search_term_string}\"},\"query-input\":{\"@type\":\"PropertyValueSpecification\",\"valueRequired\":true,\"valueName\":\"search_term_string\"}}],\"inLanguage\":\"fr-FR\"},{\"@type\":\"Organization\",\"@id\":\"https:\/\/focusgraphite.com\/fr\/#organization\",\"name\":\"Focus Graphite\",\"url\":\"https:\/\/focusgraphite.com\/fr\/\",\"logo\":{\"@type\":\"ImageObject\",\"inLanguage\":\"fr-FR\",\"@id\":\"https:\/\/focusgraphite.com\/fr\/#\/schema\/logo\/image\/\",\"url\":\"https:\/\/focusgraphite.com\/wp-content\/uploads\/2021\/07\/Focus-Graphite-Logo-ret.png\",\"contentUrl\":\"https:\/\/focusgraphite.com\/wp-content\/uploads\/2021\/07\/Focus-Graphite-Logo-ret.png\",\"width\":370,\"height\":180,\"caption\":\"Focus Graphite\"},\"image\":{\"@id\":\"https:\/\/focusgraphite.com\/fr\/#\/schema\/logo\/image\/\"},\"sameAs\":[\"https:\/\/www.facebook.com\/focusgraphite\",\"https:\/\/x.com\/focusgraphite\",\"https:\/\/www.linkedin.com\/company\/focus-graphite\/\"]}]}<\/script>\n<!-- \/ Yoast SEO plugin. -->","yoast_head_json":{"title":"Pourquoi investir dans le graphite? - Focus Graphite Advanced Materials","robots":{"index":"index","follow":"follow","max-snippet":"max-snippet:-1","max-image-preview":"max-image-preview:large","max-video-preview":"max-video-preview:-1"},"canonical":"https:\/\/focusgraphite.com\/fr\/pourquoi-investir-dans-le-graphite\/","og_locale":"fr_FR","og_type":"article","og_title":"Pourquoi investir dans le graphite? - Focus Graphite Advanced Materials","og_description":"[vc_row][vc_column width=\u00a0\u00bb1\/2&Prime;][vc_column_text css=\u00a0\u00bb\u00a0\u00bb] Qu&rsquo;est-ce que le graphite? Le graphite est l\u2019un des min\u00e9raux non m\u00e9talliques les plus polyvalents au monde. Il offre un potentiel d&rsquo;applications quasi illimit\u00e9 dans presque tous les secteurs industriels gr\u00e2ce \u00e0 ses qualit\u00e9s uniques et exceptionnelles : Le graphite est un excellent conducteur de chaleur et d\u2019\u00e9lectricit\u00e9. Il poss\u00e8de la plus&hellip;","og_url":"https:\/\/focusgraphite.com\/fr\/pourquoi-investir-dans-le-graphite\/","og_site_name":"Focus Graphite Advanced Materials","article_publisher":"https:\/\/www.facebook.com\/focusgraphite","article_modified_time":"2025-04-28T18:31:32+00:00","og_image":[{"width":1200,"height":716,"url":"https:\/\/focusgraphite.com\/wp-content\/uploads\/2021\/07\/lac-knife-graphite-ore.jpg","type":"image\/jpeg"}],"twitter_card":"summary_large_image","twitter_site":"@focusgraphite","twitter_misc":{"Dur\u00e9e de lecture estim\u00e9e":"5 minutes"},"schema":{"@context":"https:\/\/schema.org","@graph":[{"@type":"WebPage","@id":"https:\/\/focusgraphite.com\/fr\/pourquoi-investir-dans-le-graphite\/","url":"https:\/\/focusgraphite.com\/fr\/pourquoi-investir-dans-le-graphite\/","name":"Pourquoi investir dans le graphite? - Focus Graphite Advanced Materials","isPartOf":{"@id":"https:\/\/focusgraphite.com\/fr\/#website"},"primaryImageOfPage":{"@id":"https:\/\/focusgraphite.com\/fr\/pourquoi-investir-dans-le-graphite\/#primaryimage"},"image":{"@id":"https:\/\/focusgraphite.com\/fr\/pourquoi-investir-dans-le-graphite\/#primaryimage"},"thumbnailUrl":"https:\/\/focusgraphite.com\/wp-content\/uploads\/2021\/07\/lac-knife-graphite-ore.jpg","datePublished":"2025-04-28T18:14:26+00:00","dateModified":"2025-04-28T18:31:32+00:00","breadcrumb":{"@id":"https:\/\/focusgraphite.com\/fr\/pourquoi-investir-dans-le-graphite\/#breadcrumb"},"inLanguage":"fr-FR","potentialAction":[{"@type":"ReadAction","target":["https:\/\/focusgraphite.com\/fr\/pourquoi-investir-dans-le-graphite\/"]}]},{"@type":"ImageObject","inLanguage":"fr-FR","@id":"https:\/\/focusgraphite.com\/fr\/pourquoi-investir-dans-le-graphite\/#primaryimage","url":"https:\/\/focusgraphite.com\/wp-content\/uploads\/2021\/07\/lac-knife-graphite-ore.jpg","contentUrl":"https:\/\/focusgraphite.com\/wp-content\/uploads\/2021\/07\/lac-knife-graphite-ore.jpg"},{"@type":"BreadcrumbList","@id":"https:\/\/focusgraphite.com\/fr\/pourquoi-investir-dans-le-graphite\/#breadcrumb","itemListElement":[{"@type":"ListItem","position":1,"name":"Home","item":"https:\/\/focusgraphite.com\/fr\/"},{"@type":"ListItem","position":2,"name":"Pourquoi investir dans le graphite?"}]},{"@type":"WebSite","@id":"https:\/\/focusgraphite.com\/fr\/#website","url":"https:\/\/focusgraphite.com\/fr\/","name":"Focus Graphite","description":"The Most Advanced Battery-Grade Graphite Project in North America","publisher":{"@id":"https:\/\/focusgraphite.com\/fr\/#organization"},"potentialAction":[{"@type":"SearchAction","target":{"@type":"EntryPoint","urlTemplate":"https:\/\/focusgraphite.com\/fr\/?s={search_term_string}"},"query-input":{"@type":"PropertyValueSpecification","valueRequired":true,"valueName":"search_term_string"}}],"inLanguage":"fr-FR"},{"@type":"Organization","@id":"https:\/\/focusgraphite.com\/fr\/#organization","name":"Focus Graphite","url":"https:\/\/focusgraphite.com\/fr\/","logo":{"@type":"ImageObject","inLanguage":"fr-FR","@id":"https:\/\/focusgraphite.com\/fr\/#\/schema\/logo\/image\/","url":"https:\/\/focusgraphite.com\/wp-content\/uploads\/2021\/07\/Focus-Graphite-Logo-ret.png","contentUrl":"https:\/\/focusgraphite.com\/wp-content\/uploads\/2021\/07\/Focus-Graphite-Logo-ret.png","width":370,"height":180,"caption":"Focus Graphite"},"image":{"@id":"https:\/\/focusgraphite.com\/fr\/#\/schema\/logo\/image\/"},"sameAs":["https:\/\/www.facebook.com\/focusgraphite","https:\/\/x.com\/focusgraphite","https:\/\/www.linkedin.com\/company\/focus-graphite\/"]}]}},"_links":{"self":[{"href":"https:\/\/focusgraphite.com\/fr\/wp-json\/wp\/v2\/pages\/5193","targetHints":{"allow":["GET"]}}],"collection":[{"href":"https:\/\/focusgraphite.com\/fr\/wp-json\/wp\/v2\/pages"}],"about":[{"href":"https:\/\/focusgraphite.com\/fr\/wp-json\/wp\/v2\/types\/page"}],"author":[{"embeddable":true,"href":"https:\/\/focusgraphite.com\/fr\/wp-json\/wp\/v2\/users\/6"}],"replies":[{"embeddable":true,"href":"https:\/\/focusgraphite.com\/fr\/wp-json\/wp\/v2\/comments?post=5193"}],"version-history":[{"count":3,"href":"https:\/\/focusgraphite.com\/fr\/wp-json\/wp\/v2\/pages\/5193\/revisions"}],"predecessor-version":[{"id":5205,"href":"https:\/\/focusgraphite.com\/fr\/wp-json\/wp\/v2\/pages\/5193\/revisions\/5205"}],"wp:attachment":[{"href":"https:\/\/focusgraphite.com\/fr\/wp-json\/wp\/v2\/media?parent=5193"}],"curies":[{"name":"wp","href":"https:\/\/api.w.org\/{rel}","templated":true}]}}