{"id":5664,"date":"2026-04-07T18:00:25","date_gmt":"2026-04-07T22:00:25","guid":{"rendered":"https:\/\/focusgraphite.com\/?page_id=5664"},"modified":"2026-04-07T18:12:57","modified_gmt":"2026-04-07T22:12:57","slug":"conseil-dadministration-2","status":"publish","type":"page","link":"https:\/\/focusgraphite.com\/fr\/conseil-dadministration-2\/","title":{"rendered":"Conseil consultatif"},"content":{"rendered":"<div class=\"wpb-content-wrapper\"><p>[vc_row content_placement=\u00a0\u00bbmiddle\u00a0\u00bb][vc_column width=\u00a0\u00bb1\/4&Prime;][vc_column_text css=\u00a0\u00bb\u00a0\u00bb]<img loading=\"lazy\" decoding=\"async\" class=\"alignnone size-medium wp-image-5678\" src=\"https:\/\/focusgraphite.com\/wp-content\/uploads\/2026\/04\/JP-226x300.png\" alt=\"\" width=\"226\" height=\"300\" srcset=\"https:\/\/focusgraphite.com\/wp-content\/uploads\/2026\/04\/JP-226x300.png 226w, https:\/\/focusgraphite.com\/wp-content\/uploads\/2026\/04\/JP.png 692w\" sizes=\"auto, (max-width: 226px) 100vw, 226px\" \/>[\/vc_column_text][\/vc_column][vc_column width=\u00a0\u00bb3\/4&Prime;]<div class=\"standard-arrow bullet-top\"><h3><strong>Jean-Fran\u00e7ois Perrault<\/strong> \u2013 <em>Banque d&rsquo;investissement<\/em><\/h3>\n<ul>\n<li>\n<p data-path-to-node=\"5,0,0\"><span data-path-to-node=\"5,0,0,1\"><span class=\"citation-201\">Plus de 30 ans d&rsquo;exp\u00e9rience dans les domaines de la banque d&rsquo;affaires, des march\u00e9s de capitaux et de la banque d&rsquo;investissement. <\/span><\/span><\/p>\n<\/li>\n<li>\n<p data-path-to-node=\"5,1,0\"><span data-path-to-node=\"5,1,0,1\"><span class=\"citation-200\">Associ\u00e9 directeur chez Pavilion Capital Advisers, conseillant des entreprises publiques et priv\u00e9es sur les march\u00e9s de capitaux et les actifs alternatifs. <\/span><\/span><\/p>\n<\/li>\n<li>\n<p data-path-to-node=\"5,2,0\"><span data-path-to-node=\"5,2,0,1\"><span class=\"citation-199\">Ancien directeur g\u00e9n\u00e9ral, Financement corporatif chez Leede Financial Inc. (mandat de 16 ans jusqu&rsquo;en 2025). <\/span><\/span><\/p>\n<\/li>\n<li>\n<p data-path-to-node=\"5,3,0\"><span data-path-to-node=\"5,3,0,1\"><span class=\"citation-198\">A dirig\u00e9 de nombreux financements par placements publics et priv\u00e9s pour des \u00e9metteurs canadiens \u00e9mergents et \u00e9tablis. <\/span><\/span><\/p>\n<\/li>\n<li>\n<p data-path-to-node=\"5,4,0\"><span data-path-to-node=\"5,4,0,1\"><span class=\"citation-197\">A occup\u00e9 des postes de direction en financement corporatif chez Union Securities Ltd. et TD Capital. <\/span><\/span><\/p>\n<\/li>\n<li>\n<p data-path-to-node=\"5,5,0\"><span data-path-to-node=\"5,5,0,1\"><span class=\"citation-196\">A jou\u00e9 un r\u00f4le cl\u00e9 dans le lancement de TD Capital Private Equity Partners, le premier fonds de fonds de capital-investissement international au Canada. <\/span><\/span><\/p>\n<\/li>\n<li>\n<p data-path-to-node=\"5,6,0\"><span data-path-to-node=\"5,6,0,1\"><span class=\"citation-195\">Membre du comit\u00e9 consultatif local de la Bourse de croissance TSX (Est du Canada), conseillant sur la formation de capital et le d\u00e9veloppement du march\u00e9 boursier de croissance. <\/span><\/span><\/p>\n<\/li>\n<li>\n<p data-path-to-node=\"5,7,0\"><span data-path-to-node=\"5,7,0,1\"><span class=\"citation-194\">Baccalaur\u00e9at \u00e8s arts en \u00e9conomie de l&rsquo;Universit\u00e9 McGill. <\/span><\/span><\/p>\n<\/li>\n<li>\n<p id=\"p-rc_f68353ac11cc5da1-57\" data-path-to-node=\"5,8,0\"><span data-path-to-node=\"5,8,0,1\"><span class=\"citation-193\">MBA de l&rsquo;Universit\u00e9 Concordia.<\/span><\/span><\/p>\n<\/li>\n<\/ul>\n<\/div>[\/vc_column][\/vc_row][vc_row][vc_column][vc_separator][\/vc_column][\/vc_row][vc_row content_placement=\u00a0\u00bbmiddle\u00a0\u00bb][vc_column width=\u00a0\u00bb1\/4&Prime;][vc_column_text css=\u00a0\u00bb\u00a0\u00bb]<img loading=\"lazy\" decoding=\"async\" class=\"alignnone size-medium wp-image-5680\" src=\"https:\/\/focusgraphite.com\/wp-content\/uploads\/2026\/04\/Sunho-1-226x300.png\" alt=\"\" width=\"226\" height=\"300\" srcset=\"https:\/\/focusgraphite.com\/wp-content\/uploads\/2026\/04\/Sunho-1-226x300.png 226w, https:\/\/focusgraphite.com\/wp-content\/uploads\/2026\/04\/Sunho-1.png 692w\" sizes=\"auto, (max-width: 226px) 100vw, 226px\" \/>[\/vc_column_text][\/vc_column][vc_column width=\u00a0\u00bb3\/4&Prime;]<div class=\"standard-arrow bullet-top\"><h3><strong>Dr Sunho Kang<\/strong> \u2013 <em>Expert en batteries<\/em><\/h3>\n<ul>\n<li>\n<p data-path-to-node=\"9,0,0\"><span data-path-to-node=\"9,0,0,1\"><span class=\"citation-191\">Scientifique des mat\u00e9riaux de batterie et dirigeant d&rsquo;industrie de renomm\u00e9e mondiale comptant 26 ans d&rsquo;exp\u00e9rience. <\/span><\/span><\/p>\n<\/li>\n<li>\n<p data-path-to-node=\"9,1,0\"><span data-path-to-node=\"9,1,0,1\"><span class=\"citation-190\">Expertise approfondie dans l&rsquo;ing\u00e9nierie des cellules lithium-ion, les anodes en silicium, le d\u00e9veloppement de cathodes, la fabrication d&rsquo;\u00e9lectrodes s\u00e8ches et l&rsquo;analyse de d\u00e9faillance. <\/span><\/span><\/p>\n<\/li>\n<li>\n<p data-path-to-node=\"9,2,0\"><span data-path-to-node=\"9,2,0,1\"><span class=\"citation-189\">Ancien chercheur dans le laboratoire de John B. Goodenough \u00e0 l&rsquo;Universit\u00e9 du Texas \u00e0 Austin. <\/span><\/span><\/p>\n<\/li>\n<li>\n<p data-path-to-node=\"9,3,0\"><span data-path-to-node=\"9,3,0,1\"><span class=\"citation-188\">Ancien chercheur titulaire au Laboratoire national d&rsquo;Argonne (Argonne National Laboratory). <\/span><\/span><\/p>\n<div class=\"source-inline-chip-container ng-star-inserted\"><\/div>\n<\/li>\n<li>\n<p data-path-to-node=\"9,4,0\"><span data-path-to-node=\"9,4,0,1\"><span class=\"citation-187\">Ancien vice-pr\u00e9sident, Recherche et d\u00e9veloppement de produits chez Samsung SDI. <\/span><\/span><\/p>\n<\/li>\n<li>\n<p data-path-to-node=\"9,5,0\"><span data-path-to-node=\"9,5,0,1\"><span class=\"citation-186\">Ancien gestionnaire principal chez Apple Inc. <\/span><\/span><\/p>\n<\/li>\n<li>\n<p data-path-to-node=\"9,6,0\"><span data-path-to-node=\"9,6,0,1\"><span class=\"citation-185\">Ancien vice-pr\u00e9sident principal, Technologie des batteries chez Volkswagen Group of America. <\/span><\/span><\/p>\n<\/li>\n<li>\n<p id=\"p-rc_f68353ac11cc5da1-66\" data-path-to-node=\"9,7,0\"><span data-path-to-node=\"9,7,0,1\"><span class=\"citation-184\">Vaste exp\u00e9rience de direction \u00e0 travers les cha\u00eenes d&rsquo;approvisionnement mondiales de v\u00e9hicules \u00e9lectriques (VE) et de batteries, faisant le pont entre la recherche, la commercialisation et la fabrication \u00e0 grande \u00e9chelle.<\/span><\/span><\/p>\n<\/li>\n<\/ul>\n<\/div>[\/vc_column][\/vc_row][vc_row][vc_column][vc_separator][\/vc_column][\/vc_row][vc_row content_placement=\u00a0\u00bbmiddle\u00a0\u00bb][vc_column width=\u00a0\u00bb1\/4&Prime;][vc_column_text css=\u00a0\u00bb\u00a0\u00bb]<img loading=\"lazy\" decoding=\"async\" class=\"alignnone size-medium wp-image-5682\" src=\"https:\/\/focusgraphite.com\/wp-content\/uploads\/2026\/04\/Richard-226x300.png\" alt=\"\" width=\"226\" height=\"300\" srcset=\"https:\/\/focusgraphite.com\/wp-content\/uploads\/2026\/04\/Richard-226x300.png 226w, https:\/\/focusgraphite.com\/wp-content\/uploads\/2026\/04\/Richard.png 692w\" sizes=\"auto, (max-width: 226px) 100vw, 226px\" \/>[\/vc_column_text][\/vc_column][vc_column width=\u00a0\u00bb3\/4&Prime;]<div class=\"standard-arrow bullet-top\"><h3><strong>Richard Pearce<\/strong> &#8211; <em>Ing\u00e9nieur de mines de graphite<\/em><\/h3>\n<ul>\n<li>\n<p data-path-to-node=\"13,0,0\"><span data-path-to-node=\"13,0,0,1\"><span class=\"citation-182\">Ing\u00e9nieur professionnel agr\u00e9\u00e9, \u00e9conomiste et cadre sup\u00e9rieur comptant plus de 30 ans d&rsquo;exp\u00e9rience dans des projets industriels et de ressources dans les Am\u00e9riques. <\/span><\/span><\/p>\n<\/li>\n<li>\n<p data-path-to-node=\"13,1,0\"><span data-path-to-node=\"13,1,0,1\"><span class=\"citation-181\">Vaste expertise dans la transition \u00e9nerg\u00e9tique et les min\u00e9raux critiques, int\u00e9grant un leadership technique, financier et op\u00e9rationnel. <\/span><\/span><\/p>\n<\/li>\n<li>\n<p data-path-to-node=\"13,2,0\"><span data-path-to-node=\"13,2,0,1\"><span class=\"citation-180\">Fondateur et ancien chef de la direction de South Star Battery Metals Corp. <\/span><\/span><\/p>\n<\/li>\n<li>\n<p data-path-to-node=\"13,3,0\"><span data-path-to-node=\"13,3,0,1\"><span class=\"citation-179\">A dirig\u00e9 le d\u00e9veloppement de l&rsquo;une des premi\u00e8res nouvelles mines de graphite en plusieurs d\u00e9cennies \u00e0 obtenir des permis, \u00e0 \u00eatre financ\u00e9e et \u00e0 entrer en production commerciale. <\/span><\/span><\/p>\n<div class=\"source-inline-chip-container ng-star-inserted\"><\/div>\n<\/li>\n<li>\n<p data-path-to-node=\"13,4,0\"><span data-path-to-node=\"13,4,0,1\"><span class=\"citation-178\">A fait progresser South Star de l&rsquo;exploration \u00e0 la pleine exploitation, en mettant l&rsquo;accent sur l&rsquo;engagement communautaire et la production durable de graphite en Am\u00e9rique latine. <\/span><\/span><\/p>\n<\/li>\n<li>\n<p data-path-to-node=\"13,5,0\"><span data-path-to-node=\"13,5,0,1\"><span class=\"citation-177\">A dirig\u00e9 des \u00e9quipes multidisciplinaires sur des projets miniers et industriels de grande envergure avec des d\u00e9penses en capital d\u00e9passant 1 milliard de dollars US. <\/span><\/span><\/p>\n<\/li>\n<li>\n<p data-path-to-node=\"13,6,0\"><span data-path-to-node=\"13,6,0,1\"><span class=\"citation-176\">Son exp\u00e9rience couvre les m\u00e9taux pr\u00e9cieux, les m\u00e9taux de base, les min\u00e9raux industriels et les projets d&rsquo;engrais. <\/span><\/span><\/p>\n<\/li>\n<li>\n<p data-path-to-node=\"13,7,0\"><span data-path-to-node=\"13,7,0,1\"><span class=\"citation-175\">Personne qualifi\u00e9e (PQ) selon les normes NI 43-101. <\/span><\/span><\/p>\n<\/li>\n<li>\n<p id=\"p-rc_f68353ac11cc5da1-76\" data-path-to-node=\"13,8,0\"><span data-path-to-node=\"13,8,0,1\"><span class=\"citation-174 interactive-span-hovered\">Apporte une rare exp\u00e9rience pratique de la production de graphite combin\u00e9e \u00e0 une expertise r\u00e9glementaire. <\/span><\/span><\/p>\n<\/li>\n<\/ul>\n<\/div>[\/vc_column][\/vc_row]<\/p>\n<\/div>","protected":false},"excerpt":{"rendered":"<p>[vc_row content_placement=\u00a0\u00bbmiddle\u00a0\u00bb][vc_column width=\u00a0\u00bb1\/4&Prime;][vc_column_text css=\u00a0\u00bb\u00a0\u00bb][\/vc_column_text][\/vc_column][vc_column width=\u00a0\u00bb3\/4&Prime;][\/vc_column][\/vc_row][vc_row][vc_column][vc_separator][\/vc_column][\/vc_row][vc_row content_placement=\u00a0\u00bbmiddle\u00a0\u00bb][vc_column width=\u00a0\u00bb1\/4&Prime;][vc_column_text css=\u00a0\u00bb\u00a0\u00bb][\/vc_column_text][\/vc_column][vc_column width=\u00a0\u00bb3\/4&Prime;][\/vc_column][\/vc_row][vc_row][vc_column][vc_separator][\/vc_column][\/vc_row][vc_row content_placement=\u00a0\u00bbmiddle\u00a0\u00bb][vc_column width=\u00a0\u00bb1\/4&Prime;][vc_column_text css=\u00a0\u00bb\u00a0\u00bb][\/vc_column_text][\/vc_column][vc_column width=\u00a0\u00bb3\/4&Prime;][\/vc_column][\/vc_row]<\/p>\n","protected":false},"author":6,"featured_media":0,"parent":0,"menu_order":0,"comment_status":"closed","ping_status":"closed","template":"","meta":{"footnotes":""},"class_list":["post-5664","page","type-page","status-publish","hentry","description-off"],"yoast_head":"<!-- This site is optimized with the Yoast SEO plugin v23.6 - https:\/\/yoast.com\/wordpress\/plugins\/seo\/ -->\n<title>Conseil consultatif - Focus Graphite Advanced Materials<\/title>\n<meta name=\"robots\" content=\"index, follow, max-snippet:-1, max-image-preview:large, max-video-preview:-1\" \/>\n<link rel=\"canonical\" href=\"https:\/\/focusgraphite.com\/fr\/conseil-dadministration-2\/\" \/>\n<meta property=\"og:locale\" content=\"fr_FR\" \/>\n<meta property=\"og:type\" content=\"article\" \/>\n<meta property=\"og:title\" content=\"Conseil consultatif - Focus Graphite Advanced Materials\" \/>\n<meta property=\"og:description\" content=\"[vc_row content_placement=\u00a0\u00bbmiddle\u00a0\u00bb][vc_column width=\u00a0\u00bb1\/4&Prime;][vc_column_text css=\u00a0\u00bb\u00a0\u00bb][\/vc_column_text][\/vc_column][vc_column width=\u00a0\u00bb3\/4&Prime;][\/vc_column][\/vc_row][vc_row][vc_column][vc_separator][\/vc_column][\/vc_row][vc_row content_placement=\u00a0\u00bbmiddle\u00a0\u00bb][vc_column width=\u00a0\u00bb1\/4&Prime;][vc_column_text css=\u00a0\u00bb\u00a0\u00bb][\/vc_column_text][\/vc_column][vc_column width=\u00a0\u00bb3\/4&Prime;][\/vc_column][\/vc_row][vc_row][vc_column][vc_separator][\/vc_column][\/vc_row][vc_row content_placement=\u00a0\u00bbmiddle\u00a0\u00bb][vc_column width=\u00a0\u00bb1\/4&Prime;][vc_column_text css=\u00a0\u00bb\u00a0\u00bb][\/vc_column_text][\/vc_column][vc_column width=\u00a0\u00bb3\/4&Prime;][\/vc_column][\/vc_row]\" \/>\n<meta property=\"og:url\" content=\"https:\/\/focusgraphite.com\/fr\/conseil-dadministration-2\/\" \/>\n<meta property=\"og:site_name\" content=\"Focus Graphite Advanced Materials\" \/>\n<meta property=\"article:publisher\" content=\"https:\/\/www.facebook.com\/focusgraphite\" \/>\n<meta property=\"article:modified_time\" content=\"2026-04-07T22:12:57+00:00\" \/>\n<meta property=\"og:image\" content=\"https:\/\/focusgraphite.com\/wp-content\/uploads\/2026\/04\/JP.png\" \/>\n\t<meta property=\"og:image:width\" content=\"692\" \/>\n\t<meta property=\"og:image:height\" content=\"917\" \/>\n\t<meta property=\"og:image:type\" content=\"image\/png\" \/>\n<meta name=\"twitter:card\" content=\"summary_large_image\" \/>\n<meta name=\"twitter:site\" content=\"@focusgraphite\" \/>\n<meta name=\"twitter:label1\" content=\"Dur\u00e9e de lecture estim\u00e9e\" \/>\n\t<meta name=\"twitter:data1\" content=\"3 minutes\" \/>\n<script type=\"application\/ld+json\" class=\"yoast-schema-graph\">{\"@context\":\"https:\/\/schema.org\",\"@graph\":[{\"@type\":\"WebPage\",\"@id\":\"https:\/\/focusgraphite.com\/fr\/conseil-dadministration-2\/\",\"url\":\"https:\/\/focusgraphite.com\/fr\/conseil-dadministration-2\/\",\"name\":\"Conseil consultatif - Focus Graphite Advanced Materials\",\"isPartOf\":{\"@id\":\"https:\/\/focusgraphite.com\/fr\/#website\"},\"primaryImageOfPage\":{\"@id\":\"https:\/\/focusgraphite.com\/fr\/conseil-dadministration-2\/#primaryimage\"},\"image\":{\"@id\":\"https:\/\/focusgraphite.com\/fr\/conseil-dadministration-2\/#primaryimage\"},\"thumbnailUrl\":\"https:\/\/focusgraphite.com\/wp-content\/uploads\/2026\/04\/JP-226x300.png\",\"datePublished\":\"2026-04-07T22:00:25+00:00\",\"dateModified\":\"2026-04-07T22:12:57+00:00\",\"breadcrumb\":{\"@id\":\"https:\/\/focusgraphite.com\/fr\/conseil-dadministration-2\/#breadcrumb\"},\"inLanguage\":\"fr-FR\",\"potentialAction\":[{\"@type\":\"ReadAction\",\"target\":[\"https:\/\/focusgraphite.com\/fr\/conseil-dadministration-2\/\"]}]},{\"@type\":\"ImageObject\",\"inLanguage\":\"fr-FR\",\"@id\":\"https:\/\/focusgraphite.com\/fr\/conseil-dadministration-2\/#primaryimage\",\"url\":\"https:\/\/focusgraphite.com\/wp-content\/uploads\/2026\/04\/JP-226x300.png\",\"contentUrl\":\"https:\/\/focusgraphite.com\/wp-content\/uploads\/2026\/04\/JP-226x300.png\"},{\"@type\":\"BreadcrumbList\",\"@id\":\"https:\/\/focusgraphite.com\/fr\/conseil-dadministration-2\/#breadcrumb\",\"itemListElement\":[{\"@type\":\"ListItem\",\"position\":1,\"name\":\"Home\",\"item\":\"https:\/\/focusgraphite.com\/fr\/\"},{\"@type\":\"ListItem\",\"position\":2,\"name\":\"Conseil consultatif\"}]},{\"@type\":\"WebSite\",\"@id\":\"https:\/\/focusgraphite.com\/fr\/#website\",\"url\":\"https:\/\/focusgraphite.com\/fr\/\",\"name\":\"Focus Graphite\",\"description\":\"The Most Advanced Battery-Grade Graphite Project in North America\",\"publisher\":{\"@id\":\"https:\/\/focusgraphite.com\/fr\/#organization\"},\"potentialAction\":[{\"@type\":\"SearchAction\",\"target\":{\"@type\":\"EntryPoint\",\"urlTemplate\":\"https:\/\/focusgraphite.com\/fr\/?s={search_term_string}\"},\"query-input\":{\"@type\":\"PropertyValueSpecification\",\"valueRequired\":true,\"valueName\":\"search_term_string\"}}],\"inLanguage\":\"fr-FR\"},{\"@type\":\"Organization\",\"@id\":\"https:\/\/focusgraphite.com\/fr\/#organization\",\"name\":\"Focus Graphite\",\"url\":\"https:\/\/focusgraphite.com\/fr\/\",\"logo\":{\"@type\":\"ImageObject\",\"inLanguage\":\"fr-FR\",\"@id\":\"https:\/\/focusgraphite.com\/fr\/#\/schema\/logo\/image\/\",\"url\":\"https:\/\/focusgraphite.com\/wp-content\/uploads\/2021\/07\/Focus-Graphite-Logo-ret.png\",\"contentUrl\":\"https:\/\/focusgraphite.com\/wp-content\/uploads\/2021\/07\/Focus-Graphite-Logo-ret.png\",\"width\":370,\"height\":180,\"caption\":\"Focus Graphite\"},\"image\":{\"@id\":\"https:\/\/focusgraphite.com\/fr\/#\/schema\/logo\/image\/\"},\"sameAs\":[\"https:\/\/www.facebook.com\/focusgraphite\",\"https:\/\/x.com\/focusgraphite\",\"https:\/\/www.linkedin.com\/company\/focus-graphite\/\"]}]}<\/script>\n<!-- \/ Yoast SEO plugin. -->","yoast_head_json":{"title":"Conseil consultatif - Focus Graphite Advanced Materials","robots":{"index":"index","follow":"follow","max-snippet":"max-snippet:-1","max-image-preview":"max-image-preview:large","max-video-preview":"max-video-preview:-1"},"canonical":"https:\/\/focusgraphite.com\/fr\/conseil-dadministration-2\/","og_locale":"fr_FR","og_type":"article","og_title":"Conseil consultatif - Focus Graphite Advanced Materials","og_description":"[vc_row content_placement=\u00a0\u00bbmiddle\u00a0\u00bb][vc_column width=\u00a0\u00bb1\/4&Prime;][vc_column_text css=\u00a0\u00bb\u00a0\u00bb][\/vc_column_text][\/vc_column][vc_column width=\u00a0\u00bb3\/4&Prime;][\/vc_column][\/vc_row][vc_row][vc_column][vc_separator][\/vc_column][\/vc_row][vc_row content_placement=\u00a0\u00bbmiddle\u00a0\u00bb][vc_column width=\u00a0\u00bb1\/4&Prime;][vc_column_text css=\u00a0\u00bb\u00a0\u00bb][\/vc_column_text][\/vc_column][vc_column width=\u00a0\u00bb3\/4&Prime;][\/vc_column][\/vc_row][vc_row][vc_column][vc_separator][\/vc_column][\/vc_row][vc_row content_placement=\u00a0\u00bbmiddle\u00a0\u00bb][vc_column width=\u00a0\u00bb1\/4&Prime;][vc_column_text css=\u00a0\u00bb\u00a0\u00bb][\/vc_column_text][\/vc_column][vc_column width=\u00a0\u00bb3\/4&Prime;][\/vc_column][\/vc_row]","og_url":"https:\/\/focusgraphite.com\/fr\/conseil-dadministration-2\/","og_site_name":"Focus Graphite Advanced Materials","article_publisher":"https:\/\/www.facebook.com\/focusgraphite","article_modified_time":"2026-04-07T22:12:57+00:00","og_image":[{"width":692,"height":917,"url":"https:\/\/focusgraphite.com\/wp-content\/uploads\/2026\/04\/JP.png","type":"image\/png"}],"twitter_card":"summary_large_image","twitter_site":"@focusgraphite","twitter_misc":{"Dur\u00e9e de lecture estim\u00e9e":"3 minutes"},"schema":{"@context":"https:\/\/schema.org","@graph":[{"@type":"WebPage","@id":"https:\/\/focusgraphite.com\/fr\/conseil-dadministration-2\/","url":"https:\/\/focusgraphite.com\/fr\/conseil-dadministration-2\/","name":"Conseil consultatif - Focus Graphite Advanced Materials","isPartOf":{"@id":"https:\/\/focusgraphite.com\/fr\/#website"},"primaryImageOfPage":{"@id":"https:\/\/focusgraphite.com\/fr\/conseil-dadministration-2\/#primaryimage"},"image":{"@id":"https:\/\/focusgraphite.com\/fr\/conseil-dadministration-2\/#primaryimage"},"thumbnailUrl":"https:\/\/focusgraphite.com\/wp-content\/uploads\/2026\/04\/JP-226x300.png","datePublished":"2026-04-07T22:00:25+00:00","dateModified":"2026-04-07T22:12:57+00:00","breadcrumb":{"@id":"https:\/\/focusgraphite.com\/fr\/conseil-dadministration-2\/#breadcrumb"},"inLanguage":"fr-FR","potentialAction":[{"@type":"ReadAction","target":["https:\/\/focusgraphite.com\/fr\/conseil-dadministration-2\/"]}]},{"@type":"ImageObject","inLanguage":"fr-FR","@id":"https:\/\/focusgraphite.com\/fr\/conseil-dadministration-2\/#primaryimage","url":"https:\/\/focusgraphite.com\/wp-content\/uploads\/2026\/04\/JP-226x300.png","contentUrl":"https:\/\/focusgraphite.com\/wp-content\/uploads\/2026\/04\/JP-226x300.png"},{"@type":"BreadcrumbList","@id":"https:\/\/focusgraphite.com\/fr\/conseil-dadministration-2\/#breadcrumb","itemListElement":[{"@type":"ListItem","position":1,"name":"Home","item":"https:\/\/focusgraphite.com\/fr\/"},{"@type":"ListItem","position":2,"name":"Conseil consultatif"}]},{"@type":"WebSite","@id":"https:\/\/focusgraphite.com\/fr\/#website","url":"https:\/\/focusgraphite.com\/fr\/","name":"Focus Graphite","description":"The Most Advanced Battery-Grade Graphite Project in North America","publisher":{"@id":"https:\/\/focusgraphite.com\/fr\/#organization"},"potentialAction":[{"@type":"SearchAction","target":{"@type":"EntryPoint","urlTemplate":"https:\/\/focusgraphite.com\/fr\/?s={search_term_string}"},"query-input":{"@type":"PropertyValueSpecification","valueRequired":true,"valueName":"search_term_string"}}],"inLanguage":"fr-FR"},{"@type":"Organization","@id":"https:\/\/focusgraphite.com\/fr\/#organization","name":"Focus Graphite","url":"https:\/\/focusgraphite.com\/fr\/","logo":{"@type":"ImageObject","inLanguage":"fr-FR","@id":"https:\/\/focusgraphite.com\/fr\/#\/schema\/logo\/image\/","url":"https:\/\/focusgraphite.com\/wp-content\/uploads\/2021\/07\/Focus-Graphite-Logo-ret.png","contentUrl":"https:\/\/focusgraphite.com\/wp-content\/uploads\/2021\/07\/Focus-Graphite-Logo-ret.png","width":370,"height":180,"caption":"Focus Graphite"},"image":{"@id":"https:\/\/focusgraphite.com\/fr\/#\/schema\/logo\/image\/"},"sameAs":["https:\/\/www.facebook.com\/focusgraphite","https:\/\/x.com\/focusgraphite","https:\/\/www.linkedin.com\/company\/focus-graphite\/"]}]}},"_links":{"self":[{"href":"https:\/\/focusgraphite.com\/fr\/wp-json\/wp\/v2\/pages\/5664","targetHints":{"allow":["GET"]}}],"collection":[{"href":"https:\/\/focusgraphite.com\/fr\/wp-json\/wp\/v2\/pages"}],"about":[{"href":"https:\/\/focusgraphite.com\/fr\/wp-json\/wp\/v2\/types\/page"}],"author":[{"embeddable":true,"href":"https:\/\/focusgraphite.com\/fr\/wp-json\/wp\/v2\/users\/6"}],"replies":[{"embeddable":true,"href":"https:\/\/focusgraphite.com\/fr\/wp-json\/wp\/v2\/comments?post=5664"}],"version-history":[{"count":4,"href":"https:\/\/focusgraphite.com\/fr\/wp-json\/wp\/v2\/pages\/5664\/revisions"}],"predecessor-version":[{"id":5705,"href":"https:\/\/focusgraphite.com\/fr\/wp-json\/wp\/v2\/pages\/5664\/revisions\/5705"}],"wp:attachment":[{"href":"https:\/\/focusgraphite.com\/fr\/wp-json\/wp\/v2\/media?parent=5664"}],"curies":[{"name":"wp","href":"https:\/\/api.w.org\/{rel}","templated":true}]}}